{"id":4304,"date":"2025-04-09T21:54:01","date_gmt":"2025-04-09T21:54:01","guid":{"rendered":"https:\/\/www.cmsecurity.cl\/web\/?page_id=4304"},"modified":"2025-05-21T15:42:44","modified_gmt":"2025-05-21T15:42:44","slug":"ley-de-ductos-20-808","status":"publish","type":"page","link":"https:\/\/www.cmsecurity.cl\/web\/ley-de-ductos-20-808\/","title":{"rendered":"Ley de Ductos 20.808"},"content":{"rendered":"<p><div class=\"fusion-fullwidth fullwidth-box fusion-builder-row-1 fusion-flex-container has-pattern-background has-mask-background nonhundred-percent-fullwidth non-hundred-percent-height-scrolling\" style=\"--awb-border-radius-top-left:0px;--awb-border-radius-top-right:0px;--awb-border-radius-bottom-right:0px;--awb-border-radius-bottom-left:0px;--awb-padding-top:20px;--awb-padding-bottom:20px;--awb-margin-top:0px;--awb-margin-bottom:0px;--awb-flex-wrap:wrap;\" ><div class=\"fusion-builder-row fusion-row fusion-flex-align-items-flex-start fusion-flex-content-wrap\" style=\"max-width:1289.6px;margin-left: calc(-4% \/ 2 );margin-right: calc(-4% \/ 2 );\"><div class=\"fusion-layout-column fusion_builder_column fusion-builder-column-0 fusion_builder_column_1_2 1_2 fusion-flex-column fusion-flex-align-self-flex-start\" style=\"--awb-padding-top:0px;--awb-bg-size:cover;--awb-width-large:50%;--awb-margin-top-large:0px;--awb-spacing-right-large:3.84%;--awb-margin-bottom-large:0px;--awb-spacing-left-large:3.84%;--awb-width-medium:50%;--awb-order-medium:0;--awb-spacing-right-medium:3.84%;--awb-spacing-left-medium:3.84%;--awb-width-small:100%;--awb-order-small:0;--awb-spacing-right-small:1.92%;--awb-spacing-left-small:1.92%;\" data-scroll-devices=\"small-visibility,medium-visibility,large-visibility\"><div class=\"fusion-column-wrapper fusion-column-has-shadow fusion-flex-justify-content-flex-start fusion-content-layout-column\"><div class=\"fusion-text fusion-text-1\" style=\"--awb-font-size:22px;--awb-line-height:1.55;--awb-letter-spacing:var(--awb-typography4-letter-spacing);--awb-text-transform:var(--awb-typography4-text-transform);--awb-text-color:#050505;--awb-margin-top:25px;--awb-text-font-family:var(--awb-typography4-font-family);--awb-text-font-weight:var(--awb-typography4-font-weight);--awb-text-font-style:var(--awb-typography4-font-style);\"><p><span style=\"font-size: 14pt;\">\u00bfQu\u00e9 es la Ley de Ductos? Ley N\u00b0 20.808: Tiene por objeto proteger la libre elecci\u00f3n por los usuarios de los servicios de cable, telefon\u00eda e internet en proyectos de edificaci\u00f3n en altura y proyectos en extensi\u00f3n nuevos. As\u00ed mismo, tiene por objeto garantizar la referida libre elecci\u00f3n<\/span><br \/>\n<span style=\"font-size: 14pt;\"><strong><br \/>\nCM SECURITY Y LEY DE DUCTOS<\/strong><\/span><\/p>\n<p><span style=\"font-size: 14pt;\">En CM SECURITY somos especialistas en la Ley de Ductos, \u201cReglamento que pone fin a exclusividad de servicios de telecomunicaciones en edificios y condominios\u201d.<\/span><\/p>\n<p><span style=\"font-size: 14pt;\">Este es un nuevo hito en materia de competencia en el sector de las telecomunicaciones, tras la entrada en vigencia del reglamento de la \u201cLey de Ductos\u201d, la que permite que los residentes de edificios, condominios y loteos, tengan la opci\u00f3n de elegir y cambiar de proveedor de servicios de internet, telefon\u00eda, y TV de pago; poniendo fin cualquier restricci\u00f3n o actividad monop\u00f3lica por parte de las empresas proveedoras de los servicios de telecomunicaciones.<\/span><\/p>\n<\/div><\/div><\/div><div class=\"fusion-layout-column fusion_builder_column fusion-builder-column-1 fusion_builder_column_1_2 1_2 fusion-flex-column\" style=\"--awb-bg-size:cover;--awb-width-large:50%;--awb-spacing-right-large:3.84%;--awb-margin-bottom-large:0px;--awb-spacing-left-large:3.84%;--awb-width-medium:50%;--awb-order-medium:0;--awb-spacing-right-medium:3.84%;--awb-spacing-left-medium:3.84%;--awb-width-small:100%;--awb-order-small:0;--awb-spacing-right-small:1.92%;--awb-spacing-left-small:1.92%;\"><div class=\"fusion-column-wrapper fusion-column-has-shadow fusion-flex-justify-content-flex-start fusion-content-layout-column\"><div class=\"fusion-image-element \" style=\"text-align:center;--awb-aspect-ratio: 100 \/ 105;--awb-object-position:49% 43%;--awb-margin-top:20px;--awb-margin-right:20px;--awb-margin-bottom:20px;--awb-margin-left:20px;--awb-caption-title-font-family:var(--h2_typography-font-family);--awb-caption-title-font-weight:var(--h2_typography-font-weight);--awb-caption-title-font-style:var(--h2_typography-font-style);--awb-caption-title-size:var(--h2_typography-font-size);--awb-caption-title-transform:var(--h2_typography-text-transform);--awb-caption-title-line-height:var(--h2_typography-line-height);--awb-caption-title-letter-spacing:var(--h2_typography-letter-spacing);\"><span class=\" fusion-imageframe imageframe-dropshadow imageframe-1 hover-type-zoomin has-aspect-ratio\" style=\"border:6px solid #ffffff;border-radius:8px;-webkit-box-shadow: 1px 1px 5px rgba(147,147,147,0.3);box-shadow: 1px 1px 5px rgba(147,147,147,0.3);\"><img decoding=\"async\" width=\"720\" height=\"1280\" title=\"Ley de Ductos (NUEVAS)\" src=\"https:\/\/www.cmsecurity.cl\/web\/wp-content\/uploads\/2025\/05\/Ley-de-Ductos-NUEVAS.jpeg\" data-orig-src=\"https:\/\/www.cmsecurity.cl\/web\/wp-content\/uploads\/2025\/05\/Ley-de-Ductos-NUEVAS.jpeg\" class=\"lazyload img-responsive wp-image-4564 img-with-aspect-ratio\" data-parent-fit=\"cover\" data-parent-container=\".fusion-image-element\" alt srcset=\"data:image\/svg+xml,%3Csvg%20xmlns%3D%27http%3A%2F%2Fwww.w3.org%2F2000%2Fsvg%27%20width%3D%27720%27%20height%3D%271280%27%20viewBox%3D%270%200%20720%201280%27%3E%3Crect%20width%3D%27720%27%20height%3D%271280%27%20fill-opacity%3D%220%22%2F%3E%3C%2Fsvg%3E\" data-srcset=\"https:\/\/www.cmsecurity.cl\/web\/wp-content\/uploads\/2025\/05\/Ley-de-Ductos-NUEVAS-200x356.jpeg 200w, https:\/\/www.cmsecurity.cl\/web\/wp-content\/uploads\/2025\/05\/Ley-de-Ductos-NUEVAS-400x711.jpeg 400w, https:\/\/www.cmsecurity.cl\/web\/wp-content\/uploads\/2025\/05\/Ley-de-Ductos-NUEVAS-600x1067.jpeg 600w, https:\/\/www.cmsecurity.cl\/web\/wp-content\/uploads\/2025\/05\/Ley-de-Ductos-NUEVAS.jpeg 720w\" data-sizes=\"auto\" data-orig-sizes=\"(max-width: 800px) 100vw, 600px\" \/><\/span><\/div><\/div><\/div><\/div><\/div><div class=\"fusion-fullwidth fullwidth-box fusion-builder-row-2 fusion-flex-container has-pattern-background has-mask-background nonhundred-percent-fullwidth non-hundred-percent-height-scrolling\" style=\"--awb-border-radius-top-left:0px;--awb-border-radius-top-right:0px;--awb-border-radius-bottom-right:0px;--awb-border-radius-bottom-left:0px;--awb-padding-bottom:60px;--awb-flex-wrap:wrap;\" ><div class=\"fusion-builder-row fusion-row fusion-flex-align-items-flex-start fusion-flex-content-wrap\" style=\"max-width:1289.6px;margin-left: calc(-4% \/ 2 );margin-right: calc(-4% \/ 2 );\"><div class=\"fusion-layout-column fusion_builder_column fusion-builder-column-2 fusion_builder_column_1_1 1_1 fusion-flex-column\" style=\"--awb-bg-size:cover;--awb-width-large:100%;--awb-spacing-right-large:1.92%;--awb-margin-bottom-large:0px;--awb-spacing-left-large:1.92%;--awb-width-medium:100%;--awb-order-medium:0;--awb-spacing-right-medium:1.92%;--awb-spacing-left-medium:1.92%;--awb-width-small:100%;--awb-order-small:0;--awb-spacing-right-small:1.92%;--awb-spacing-left-small:1.92%;\"><div class=\"fusion-column-wrapper fusion-column-has-shadow fusion-flex-justify-content-flex-start fusion-content-layout-column\"><div class=\"awb-gallery-wrapper awb-gallery-wrapper-1 button-span-no\" style=\"--more-btn-alignment:center;\"><div style=\"margin:-5px;--awb-bordersize:0px;\" class=\"fusion-gallery fusion-gallery-container fusion-grid-3 fusion-columns-total-3 fusion-gallery-layout-grid fusion-gallery-1\"><div style=\"padding:5px;\" class=\"fusion-grid-column fusion-gallery-column fusion-gallery-column-3 hover-type-none\"><div class=\"fusion-gallery-image\"><a href=\"https:\/\/www.cmsecurity.cl\/web\/wp-content\/uploads\/2025\/05\/Ley-de-Ductos-NUEVAS-2.jpeg\" rel=\"noreferrer\" data-rel=\"iLightbox[gallery_image_1]\" class=\"fusion-lightbox\" target=\"_self\"><img decoding=\"async\" src=\"https:\/\/www.cmsecurity.cl\/web\/wp-content\/uploads\/2025\/05\/Ley-de-Ductos-NUEVAS-2.jpeg\" data-orig-src=\"https:\/\/www.cmsecurity.cl\/web\/wp-content\/uploads\/2025\/05\/Ley-de-Ductos-NUEVAS-2.jpeg\" width=\"960\" height=\"1240\" alt=\"\" title=\"Ley de Ductos (NUEVAS) (2)\" aria-label=\"Ley de Ductos (NUEVAS) (2)\" class=\"lazyload img-responsive wp-image-4563\" srcset=\"data:image\/svg+xml,%3Csvg%20xmlns%3D%27http%3A%2F%2Fwww.w3.org%2F2000%2Fsvg%27%20width%3D%27960%27%20height%3D%271240%27%20viewBox%3D%270%200%20960%201240%27%3E%3Crect%20width%3D%27960%27%20height%3D%271240%27%20fill-opacity%3D%220%22%2F%3E%3C%2Fsvg%3E\" data-srcset=\"https:\/\/www.cmsecurity.cl\/web\/wp-content\/uploads\/2025\/05\/Ley-de-Ductos-NUEVAS-2-200x258.jpeg 200w, https:\/\/www.cmsecurity.cl\/web\/wp-content\/uploads\/2025\/05\/Ley-de-Ductos-NUEVAS-2-400x517.jpeg 400w, https:\/\/www.cmsecurity.cl\/web\/wp-content\/uploads\/2025\/05\/Ley-de-Ductos-NUEVAS-2-600x775.jpeg 600w, https:\/\/www.cmsecurity.cl\/web\/wp-content\/uploads\/2025\/05\/Ley-de-Ductos-NUEVAS-2-800x1033.jpeg 800w, https:\/\/www.cmsecurity.cl\/web\/wp-content\/uploads\/2025\/05\/Ley-de-Ductos-NUEVAS-2.jpeg 960w\" data-sizes=\"auto\" data-orig-sizes=\"(min-width: 2200px) 100vw, (min-width: 784px) 410px, (min-width: 712px) 615px, (min-width: 640px) 712px, \" \/><\/a><\/div><\/div><div style=\"padding:5px;\" class=\"fusion-grid-column fusion-gallery-column fusion-gallery-column-3 hover-type-none\"><div class=\"fusion-gallery-image\"><a href=\"https:\/\/www.cmsecurity.cl\/web\/wp-content\/uploads\/2025\/05\/Ley-de-Ductos-NUEVAS.jpeg\" rel=\"noreferrer\" data-rel=\"iLightbox[gallery_image_1]\" class=\"fusion-lightbox\" target=\"_self\"><img decoding=\"async\" src=\"https:\/\/www.cmsecurity.cl\/web\/wp-content\/uploads\/2025\/05\/Ley-de-Ductos-NUEVAS.jpeg\" data-orig-src=\"https:\/\/www.cmsecurity.cl\/web\/wp-content\/uploads\/2025\/05\/Ley-de-Ductos-NUEVAS.jpeg\" width=\"720\" height=\"1280\" alt=\"\" title=\"Ley de Ductos (NUEVAS)\" aria-label=\"Ley de Ductos (NUEVAS)\" class=\"lazyload img-responsive wp-image-4564\" srcset=\"data:image\/svg+xml,%3Csvg%20xmlns%3D%27http%3A%2F%2Fwww.w3.org%2F2000%2Fsvg%27%20width%3D%27720%27%20height%3D%271280%27%20viewBox%3D%270%200%20720%201280%27%3E%3Crect%20width%3D%27720%27%20height%3D%271280%27%20fill-opacity%3D%220%22%2F%3E%3C%2Fsvg%3E\" data-srcset=\"https:\/\/www.cmsecurity.cl\/web\/wp-content\/uploads\/2025\/05\/Ley-de-Ductos-NUEVAS-200x356.jpeg 200w, https:\/\/www.cmsecurity.cl\/web\/wp-content\/uploads\/2025\/05\/Ley-de-Ductos-NUEVAS-400x711.jpeg 400w, https:\/\/www.cmsecurity.cl\/web\/wp-content\/uploads\/2025\/05\/Ley-de-Ductos-NUEVAS-600x1067.jpeg 600w, https:\/\/www.cmsecurity.cl\/web\/wp-content\/uploads\/2025\/05\/Ley-de-Ductos-NUEVAS.jpeg 720w\" data-sizes=\"auto\" data-orig-sizes=\"(min-width: 2200px) 100vw, (min-width: 784px) 410px, (min-width: 712px) 615px, (min-width: 640px) 712px, \" \/><\/a><\/div><\/div><div style=\"padding:5px;\" class=\"fusion-grid-column fusion-gallery-column fusion-gallery-column-3 hover-type-none\"><div class=\"fusion-gallery-image\"><a href=\"https:\/\/www.cmsecurity.cl\/web\/wp-content\/uploads\/2025\/04\/Ley-de-Ductos-scaled.jpeg\" rel=\"noreferrer\" data-rel=\"iLightbox[gallery_image_1]\" class=\"fusion-lightbox\" target=\"_self\"><img decoding=\"async\" src=\"https:\/\/www.cmsecurity.cl\/web\/wp-content\/uploads\/2025\/04\/Ley-de-Ductos-scaled.jpeg\" data-orig-src=\"https:\/\/www.cmsecurity.cl\/web\/wp-content\/uploads\/2025\/04\/Ley-de-Ductos-scaled.jpeg\" width=\"1183\" height=\"2560\" alt=\"\" title=\"Ley de Ductos\" aria-label=\"Ley de Ductos\" class=\"lazyload img-responsive wp-image-4510\" srcset=\"data:image\/svg+xml,%3Csvg%20xmlns%3D%27http%3A%2F%2Fwww.w3.org%2F2000%2Fsvg%27%20width%3D%271183%27%20height%3D%272560%27%20viewBox%3D%270%200%201183%202560%27%3E%3Crect%20width%3D%271183%27%20height%3D%272560%27%20fill-opacity%3D%220%22%2F%3E%3C%2Fsvg%3E\" data-srcset=\"https:\/\/www.cmsecurity.cl\/web\/wp-content\/uploads\/2025\/04\/Ley-de-Ductos-200x433.jpeg 200w, https:\/\/www.cmsecurity.cl\/web\/wp-content\/uploads\/2025\/04\/Ley-de-Ductos-400x866.jpeg 400w, https:\/\/www.cmsecurity.cl\/web\/wp-content\/uploads\/2025\/04\/Ley-de-Ductos-600x1299.jpeg 600w, https:\/\/www.cmsecurity.cl\/web\/wp-content\/uploads\/2025\/04\/Ley-de-Ductos-800x1732.jpeg 800w, https:\/\/www.cmsecurity.cl\/web\/wp-content\/uploads\/2025\/04\/Ley-de-Ductos-scaled.jpeg 1183w, https:\/\/www.cmsecurity.cl\/web\/wp-content\/uploads\/2025\/04\/Ley-de-Ductos-1200x2597.jpeg 1200w\" data-sizes=\"auto\" data-orig-sizes=\"(min-width: 2200px) 100vw, (min-width: 784px) 410px, (min-width: 712px) 615px, (min-width: 640px) 712px, \" \/><\/a><\/div><\/div><div class=\"clearfix\"><\/div><\/div><\/div><\/div><\/div><\/div><\/div><\/p>\n","protected":false},"excerpt":{"rendered":"","protected":false},"author":1,"featured_media":0,"parent":0,"menu_order":0,"comment_status":"closed","ping_status":"closed","template":"","meta":{"footnotes":""},"class_list":["post-4304","page","type-page","status-publish","hentry"],"_links":{"self":[{"href":"https:\/\/www.cmsecurity.cl\/web\/wp-json\/wp\/v2\/pages\/4304","targetHints":{"allow":["GET"]}}],"collection":[{"href":"https:\/\/www.cmsecurity.cl\/web\/wp-json\/wp\/v2\/pages"}],"about":[{"href":"https:\/\/www.cmsecurity.cl\/web\/wp-json\/wp\/v2\/types\/page"}],"author":[{"embeddable":true,"href":"https:\/\/www.cmsecurity.cl\/web\/wp-json\/wp\/v2\/users\/1"}],"replies":[{"embeddable":true,"href":"https:\/\/www.cmsecurity.cl\/web\/wp-json\/wp\/v2\/comments?post=4304"}],"version-history":[{"count":16,"href":"https:\/\/www.cmsecurity.cl\/web\/wp-json\/wp\/v2\/pages\/4304\/revisions"}],"predecessor-version":[{"id":4566,"href":"https:\/\/www.cmsecurity.cl\/web\/wp-json\/wp\/v2\/pages\/4304\/revisions\/4566"}],"wp:attachment":[{"href":"https:\/\/www.cmsecurity.cl\/web\/wp-json\/wp\/v2\/media?parent=4304"}],"curies":[{"name":"wp","href":"https:\/\/api.w.org\/{rel}","templated":true}]}}