{"id":4284,"date":"2025-04-09T18:55:11","date_gmt":"2025-04-09T18:55:11","guid":{"rendered":"https:\/\/www.cmsecurity.cl\/web\/?page_id=4284"},"modified":"2025-05-22T03:25:39","modified_gmt":"2025-05-22T03:25:39","slug":"sistemas-de-citofonia","status":"publish","type":"page","link":"https:\/\/www.cmsecurity.cl\/web\/sistemas-de-citofonia\/","title":{"rendered":"Sistemas de Citofon\u00eda"},"content":{"rendered":"<p><div class=\"fusion-fullwidth fullwidth-box fusion-builder-row-1 fusion-flex-container has-pattern-background has-mask-background nonhundred-percent-fullwidth non-hundred-percent-height-scrolling\" style=\"--awb-border-radius-top-left:0px;--awb-border-radius-top-right:0px;--awb-border-radius-bottom-right:0px;--awb-border-radius-bottom-left:0px;--awb-padding-top:20px;--awb-padding-bottom:30px;--awb-margin-top:0px;--awb-margin-bottom:0px;--awb-flex-wrap:wrap;\" ><div class=\"fusion-builder-row fusion-row fusion-flex-align-items-flex-start fusion-flex-content-wrap\" style=\"max-width:1289.6px;margin-left: calc(-4% \/ 2 );margin-right: calc(-4% \/ 2 );\"><div class=\"fusion-layout-column fusion_builder_column fusion-builder-column-0 fusion_builder_column_1_2 1_2 fusion-flex-column\" style=\"--awb-padding-top:0px;--awb-bg-size:cover;--awb-width-large:50%;--awb-margin-top-large:0px;--awb-spacing-right-large:3.84%;--awb-margin-bottom-large:0px;--awb-spacing-left-large:3.84%;--awb-width-medium:50%;--awb-order-medium:0;--awb-spacing-right-medium:3.84%;--awb-spacing-left-medium:3.84%;--awb-width-small:100%;--awb-order-small:0;--awb-spacing-right-small:1.92%;--awb-spacing-left-small:1.92%;\" data-scroll-devices=\"small-visibility,medium-visibility,large-visibility\"><div class=\"fusion-column-wrapper fusion-column-has-shadow fusion-flex-justify-content-flex-start fusion-content-layout-column\"><div class=\"fusion-text fusion-text-1\" style=\"--awb-content-alignment:left;--awb-font-size:1.8rem;--awb-line-height:1.42rem;--awb-text-transform:none;--awb-text-color:#000000;--awb-margin-top:20px;--awb-text-font-family:&quot;Montserrat&quot;;--awb-text-font-style:normal;--awb-text-font-weight:400;\"><div style=\"font-family: 'Montserrat', 'Helvetica Neue', Helvetica, Arial, sans-serif; color: #333; line-height: 1.5; max-width: 800px;\">\n<h2 style=\"font-size: 24px; margin-bottom: 12px; color: #222;\">Comunicaci\u00f3n y Seguridad para tu Espacio <\/h2>\n<p style=\"font-size: 18px; margin-bottom: 24px;\">Los sistemas de citofon\u00eda permiten una comunicaci\u00f3n instant\u00e1nea entre visitantes y residentes o personal de seguridad, mejorando el control de acceso y la seguridad en edificios residenciales, oficinas y espacios comerciales. Con funciones de audio y, en muchos casos, video, los cit\u00f3fonos facilitan la identificaci\u00f3n de los visitantes antes de permitir el acceso.<\/p>\n<h3 style=\"font-size: 20px; margin-bottom: 12px; color: #444;\">Ventajas Clave:<\/h3>\n<ul style=\"font-size: 18px; padding-left: 20px; margin-bottom: 24px;\">\n<li><b>Identificaci\u00f3n de visitantes:<\/b> Comun\u00edcate y verifica qui\u00e9n solicita acceso de forma r\u00e1pida y segura.<\/li>\n<li>F\u00e1cil de usar: Equipos intuitivos para una comunicaci\u00f3n clara y efectiva.<\/li>\n<li>Integraci\u00f3n con sistemas de acceso: Controla la apertura de puertas o portones de forma remota.<\/li>\n<li>Opciones de video: Citofon\u00eda con c\u00e1mara para mayor seguridad en el reconocimiento de visitantes.<\/li>\n<\/ul>\n<p style=\"font-size: 18px;\">Los sistemas de citofon\u00eda son una herramienta fundamental para la seguridad en entradas y accesos, brindando tranquilidad y control sobre quienes ingresan a tus instalaciones.<\/p>\n<\/div>\n<\/div><\/div><\/div><div class=\"fusion-layout-column fusion_builder_column fusion-builder-column-1 fusion_builder_column_1_2 1_2 fusion-flex-column\" style=\"--awb-padding-top:20px;--awb-bg-size:cover;--awb-width-large:50%;--awb-margin-top-large:0px;--awb-spacing-right-large:3.84%;--awb-margin-bottom-large:0px;--awb-spacing-left-large:3.84%;--awb-width-medium:50%;--awb-order-medium:0;--awb-spacing-right-medium:3.84%;--awb-spacing-left-medium:3.84%;--awb-width-small:100%;--awb-order-small:0;--awb-spacing-right-small:1.92%;--awb-spacing-left-small:1.92%;\" data-scroll-devices=\"small-visibility,medium-visibility,large-visibility\"><div class=\"fusion-column-wrapper fusion-column-has-shadow fusion-flex-justify-content-flex-start fusion-content-layout-column\"><div class=\"fusion-image-element \" style=\"text-align:center;--awb-aspect-ratio: 100 \/ 140;--awb-object-position:45% 26%;--awb-margin-top:0px;--awb-margin-right:20px;--awb-margin-bottom:20px;--awb-margin-left:20px;--awb-max-width:450px;--awb-caption-title-font-family:var(--h2_typography-font-family);--awb-caption-title-font-weight:var(--h2_typography-font-weight);--awb-caption-title-font-style:var(--h2_typography-font-style);--awb-caption-title-size:var(--h2_typography-font-size);--awb-caption-title-transform:var(--h2_typography-text-transform);--awb-caption-title-line-height:var(--h2_typography-line-height);--awb-caption-title-letter-spacing:var(--h2_typography-letter-spacing);\"><div style=\"display:inline-block;width:450px;\"><span class=\" fusion-imageframe imageframe-dropshadow imageframe-1 hover-type-zoomin has-aspect-ratio\" style=\"border:6px solid #ffffff;border-radius:8px;-webkit-box-shadow: 1px 1px 5px rgba(147,147,147,0.3);box-shadow: 1px 1px 5px rgba(147,147,147,0.3);\"><img decoding=\"async\" width=\"1441\" height=\"2560\" title=\"WhatsApp Image 2024-10-29 at 14.59.11\" src=\"https:\/\/www.cmsecurity.cl\/web\/wp-content\/uploads\/2025\/04\/WhatsApp-Image-2024-10-29-at-14.59.11-scaled.jpeg\" data-orig-src=\"https:\/\/www.cmsecurity.cl\/web\/wp-content\/uploads\/2025\/04\/WhatsApp-Image-2024-10-29-at-14.59.11-scaled.jpeg\" class=\"lazyload img-responsive wp-image-4291 img-with-aspect-ratio\" data-parent-fit=\"cover\" data-parent-container=\".fusion-image-element\" alt srcset=\"data:image\/svg+xml,%3Csvg%20xmlns%3D%27http%3A%2F%2Fwww.w3.org%2F2000%2Fsvg%27%20width%3D%271441%27%20height%3D%272560%27%20viewBox%3D%270%200%201441%202560%27%3E%3Crect%20width%3D%271441%27%20height%3D%272560%27%20fill-opacity%3D%220%22%2F%3E%3C%2Fsvg%3E\" data-srcset=\"https:\/\/www.cmsecurity.cl\/web\/wp-content\/uploads\/2025\/04\/WhatsApp-Image-2024-10-29-at-14.59.11-200x355.jpeg 200w, https:\/\/www.cmsecurity.cl\/web\/wp-content\/uploads\/2025\/04\/WhatsApp-Image-2024-10-29-at-14.59.11-400x710.jpeg 400w, https:\/\/www.cmsecurity.cl\/web\/wp-content\/uploads\/2025\/04\/WhatsApp-Image-2024-10-29-at-14.59.11-600x1066.jpeg 600w, https:\/\/www.cmsecurity.cl\/web\/wp-content\/uploads\/2025\/04\/WhatsApp-Image-2024-10-29-at-14.59.11-800x1421.jpeg 800w, https:\/\/www.cmsecurity.cl\/web\/wp-content\/uploads\/2025\/04\/WhatsApp-Image-2024-10-29-at-14.59.11-1200x2131.jpeg 1200w, https:\/\/www.cmsecurity.cl\/web\/wp-content\/uploads\/2025\/04\/WhatsApp-Image-2024-10-29-at-14.59.11-scaled.jpeg 1441w\" data-sizes=\"auto\" data-orig-sizes=\"(max-width: 800px) 100vw, 600px\" \/><\/span><\/div><\/div><\/div><\/div><\/div><\/div><div class=\"fusion-fullwidth fullwidth-box fusion-builder-row-2 fusion-flex-container has-pattern-background has-mask-background nonhundred-percent-fullwidth non-hundred-percent-height-scrolling\" style=\"--awb-border-radius-top-left:0px;--awb-border-radius-top-right:0px;--awb-border-radius-bottom-right:0px;--awb-border-radius-bottom-left:0px;--awb-padding-bottom:60px;--awb-flex-wrap:wrap;\" ><div class=\"fusion-builder-row fusion-row fusion-flex-align-items-flex-start fusion-flex-content-wrap\" style=\"max-width:1289.6px;margin-left: calc(-4% \/ 2 );margin-right: calc(-4% \/ 2 );\"><div class=\"fusion-layout-column fusion_builder_column fusion-builder-column-2 fusion_builder_column_1_1 1_1 fusion-flex-column\" style=\"--awb-padding-top:0px;--awb-bg-size:cover;--awb-width-large:100%;--awb-margin-top-large:0px;--awb-spacing-right-large:1.92%;--awb-margin-bottom-large:0px;--awb-spacing-left-large:1.92%;--awb-width-medium:100%;--awb-order-medium:0;--awb-spacing-right-medium:1.92%;--awb-spacing-left-medium:1.92%;--awb-width-small:100%;--awb-order-small:0;--awb-spacing-right-small:1.92%;--awb-spacing-left-small:1.92%;\" data-scroll-devices=\"small-visibility,medium-visibility,large-visibility\"><div class=\"fusion-column-wrapper fusion-column-has-shadow fusion-flex-justify-content-flex-start fusion-content-layout-column\"><div class=\"awb-gallery-wrapper awb-gallery-wrapper-1 button-span-no\" style=\"--more-btn-alignment:center;margin-top:0px;\"><div style=\"margin:-8px;--awb-aspect-ratio:1 \/ 1;--awb-bordersize:0px;\" class=\"fusion-gallery fusion-gallery-container fusion-grid-6 fusion-columns-total-3 fusion-gallery-layout-masonry fusion-gallery-1 has-aspect-ratio\"><div class=\"fusion-grid-column fusion-gallery-column fusion-gallery-column-6 hover-type-zoomout fusion-grid-sizer\"><\/div><div style=\"padding:8px;\" class=\"fusion-grid-column fusion-gallery-column fusion-gallery-column-6 hover-type-zoomout fusion-element-portrait\"><div class=\"fusion-gallery-image\"><a href=\"https:\/\/www.cmsecurity.cl\/web\/wp-content\/uploads\/2025\/04\/WhatsApp-Image-2024-11-11-at-14.29.23-scaled.jpeg\" rel=\"noreferrer\" data-rel=\"iLightbox[gallery_image_1]\" class=\"fusion-lightbox\" target=\"_self\"><div style=\"padding-top:calc((100% + 16px) * 1.6);background-position:;\" class=\"fusion-masonry-element-container lazyload\" data-bg=\"https:\/\/www.cmsecurity.cl\/web\/wp-content\/uploads\/2025\/04\/WhatsApp-Image-2024-11-11-at-14.29.23-scaled.jpeg\"><img decoding=\"async\" src=\"https:\/\/www.cmsecurity.cl\/web\/wp-content\/uploads\/2025\/04\/WhatsApp-Image-2024-11-11-at-14.29.23-scaled.jpeg\" data-orig-src=\"https:\/\/www.cmsecurity.cl\/web\/wp-content\/uploads\/2025\/04\/WhatsApp-Image-2024-11-11-at-14.29.23-scaled.jpeg\" width=\"1441\" height=\"2560\" alt=\"\" title=\"WhatsApp Image 2024-11-11 at 14.29.23\" aria-label=\"WhatsApp Image 2024-11-11 at 14.29.23\" class=\"lazyload img-responsive wp-image-4292\" srcset=\"data:image\/svg+xml,%3Csvg%20xmlns%3D%27http%3A%2F%2Fwww.w3.org%2F2000%2Fsvg%27%20width%3D%271441%27%20height%3D%272560%27%20viewBox%3D%270%200%201441%202560%27%3E%3Crect%20width%3D%271441%27%20height%3D%272560%27%20fill-opacity%3D%220%22%2F%3E%3C%2Fsvg%3E\" data-srcset=\"https:\/\/www.cmsecurity.cl\/web\/wp-content\/uploads\/2025\/04\/WhatsApp-Image-2024-11-11-at-14.29.23-200x355.jpeg 200w, https:\/\/www.cmsecurity.cl\/web\/wp-content\/uploads\/2025\/04\/WhatsApp-Image-2024-11-11-at-14.29.23-400x710.jpeg 400w, https:\/\/www.cmsecurity.cl\/web\/wp-content\/uploads\/2025\/04\/WhatsApp-Image-2024-11-11-at-14.29.23-600x1066.jpeg 600w, https:\/\/www.cmsecurity.cl\/web\/wp-content\/uploads\/2025\/04\/WhatsApp-Image-2024-11-11-at-14.29.23-800x1421.jpeg 800w, https:\/\/www.cmsecurity.cl\/web\/wp-content\/uploads\/2025\/04\/WhatsApp-Image-2024-11-11-at-14.29.23-1200x2131.jpeg 1200w, https:\/\/www.cmsecurity.cl\/web\/wp-content\/uploads\/2025\/04\/WhatsApp-Image-2024-11-11-at-14.29.23-scaled.jpeg 1441w\" data-sizes=\"auto\" data-orig-sizes=\"(min-width: 2200px) 100vw, (min-width: 1000px) 200px, (min-width: 928px) 240px, (min-width: 856px) 300px, (min-width: 784px) 400px, (min-width: 712px) 600px, (min-width: 640px) 712px, \" \/><\/div><\/a><\/div><\/div><div style=\"padding:8px;\" class=\"fusion-grid-column fusion-gallery-column fusion-gallery-column-6 hover-type-zoomout fusion-element-portrait\"><div class=\"fusion-gallery-image\"><a href=\"https:\/\/www.cmsecurity.cl\/web\/wp-content\/uploads\/2025\/04\/WhatsApp-Image-2024-10-29-at-14.59.11-scaled.jpeg\" rel=\"noreferrer\" data-rel=\"iLightbox[gallery_image_1]\" class=\"fusion-lightbox\" target=\"_self\"><div style=\"padding-top:calc((100% + 16px) * 1.6);background-position:;\" class=\"fusion-masonry-element-container lazyload\" data-bg=\"https:\/\/www.cmsecurity.cl\/web\/wp-content\/uploads\/2025\/04\/WhatsApp-Image-2024-10-29-at-14.59.11-scaled.jpeg\"><img decoding=\"async\" src=\"https:\/\/www.cmsecurity.cl\/web\/wp-content\/uploads\/2025\/04\/WhatsApp-Image-2024-10-29-at-14.59.11-scaled.jpeg\" data-orig-src=\"https:\/\/www.cmsecurity.cl\/web\/wp-content\/uploads\/2025\/04\/WhatsApp-Image-2024-10-29-at-14.59.11-scaled.jpeg\" width=\"1441\" height=\"2560\" alt=\"\" title=\"WhatsApp Image 2024-10-29 at 14.59.11\" aria-label=\"WhatsApp Image 2024-10-29 at 14.59.11\" class=\"lazyload img-responsive wp-image-4291\" srcset=\"data:image\/svg+xml,%3Csvg%20xmlns%3D%27http%3A%2F%2Fwww.w3.org%2F2000%2Fsvg%27%20width%3D%271441%27%20height%3D%272560%27%20viewBox%3D%270%200%201441%202560%27%3E%3Crect%20width%3D%271441%27%20height%3D%272560%27%20fill-opacity%3D%220%22%2F%3E%3C%2Fsvg%3E\" data-srcset=\"https:\/\/www.cmsecurity.cl\/web\/wp-content\/uploads\/2025\/04\/WhatsApp-Image-2024-10-29-at-14.59.11-200x355.jpeg 200w, https:\/\/www.cmsecurity.cl\/web\/wp-content\/uploads\/2025\/04\/WhatsApp-Image-2024-10-29-at-14.59.11-400x710.jpeg 400w, https:\/\/www.cmsecurity.cl\/web\/wp-content\/uploads\/2025\/04\/WhatsApp-Image-2024-10-29-at-14.59.11-600x1066.jpeg 600w, https:\/\/www.cmsecurity.cl\/web\/wp-content\/uploads\/2025\/04\/WhatsApp-Image-2024-10-29-at-14.59.11-800x1421.jpeg 800w, https:\/\/www.cmsecurity.cl\/web\/wp-content\/uploads\/2025\/04\/WhatsApp-Image-2024-10-29-at-14.59.11-1200x2131.jpeg 1200w, https:\/\/www.cmsecurity.cl\/web\/wp-content\/uploads\/2025\/04\/WhatsApp-Image-2024-10-29-at-14.59.11-scaled.jpeg 1441w\" data-sizes=\"auto\" data-orig-sizes=\"(min-width: 2200px) 100vw, (min-width: 1000px) 200px, (min-width: 928px) 240px, (min-width: 856px) 300px, (min-width: 784px) 400px, (min-width: 712px) 600px, (min-width: 640px) 712px, \" \/><\/div><\/a><\/div><\/div><div style=\"padding:8px;\" class=\"fusion-grid-column fusion-gallery-column fusion-gallery-column-6 hover-type-zoomout fusion-element-portrait\"><div class=\"fusion-gallery-image\"><a href=\"https:\/\/www.cmsecurity.cl\/web\/wp-content\/uploads\/2025\/04\/Placa-citofonia-scaled.jpeg\" rel=\"noreferrer\" data-rel=\"iLightbox[gallery_image_1]\" class=\"fusion-lightbox\" target=\"_self\"><div style=\"padding-top:calc((100% + 16px) * 1.6);background-position:;\" class=\"fusion-masonry-element-container lazyload\" data-bg=\"https:\/\/www.cmsecurity.cl\/web\/wp-content\/uploads\/2025\/04\/Placa-citofonia-scaled.jpeg\"><img decoding=\"async\" src=\"https:\/\/www.cmsecurity.cl\/web\/wp-content\/uploads\/2025\/04\/Placa-citofonia-scaled.jpeg\" data-orig-src=\"https:\/\/www.cmsecurity.cl\/web\/wp-content\/uploads\/2025\/04\/Placa-citofonia-scaled.jpeg\" width=\"1487\" height=\"2560\" alt=\"\" title=\"Placa citofonia\" aria-label=\"Placa citofonia\" class=\"lazyload img-responsive wp-image-4290\" srcset=\"data:image\/svg+xml,%3Csvg%20xmlns%3D%27http%3A%2F%2Fwww.w3.org%2F2000%2Fsvg%27%20width%3D%271487%27%20height%3D%272560%27%20viewBox%3D%270%200%201487%202560%27%3E%3Crect%20width%3D%271487%27%20height%3D%272560%27%20fill-opacity%3D%220%22%2F%3E%3C%2Fsvg%3E\" data-srcset=\"https:\/\/www.cmsecurity.cl\/web\/wp-content\/uploads\/2025\/04\/Placa-citofonia-200x344.jpeg 200w, https:\/\/www.cmsecurity.cl\/web\/wp-content\/uploads\/2025\/04\/Placa-citofonia-400x689.jpeg 400w, https:\/\/www.cmsecurity.cl\/web\/wp-content\/uploads\/2025\/04\/Placa-citofonia-600x1033.jpeg 600w, https:\/\/www.cmsecurity.cl\/web\/wp-content\/uploads\/2025\/04\/Placa-citofonia-800x1378.jpeg 800w, https:\/\/www.cmsecurity.cl\/web\/wp-content\/uploads\/2025\/04\/Placa-citofonia-1200x2066.jpeg 1200w, https:\/\/www.cmsecurity.cl\/web\/wp-content\/uploads\/2025\/04\/Placa-citofonia-scaled.jpeg 1487w\" data-sizes=\"auto\" data-orig-sizes=\"(min-width: 2200px) 100vw, (min-width: 1000px) 200px, (min-width: 928px) 240px, (min-width: 856px) 300px, (min-width: 784px) 400px, (min-width: 712px) 600px, (min-width: 640px) 712px, \" \/><\/div><\/a><\/div><\/div><\/div><\/div><\/div><\/div><\/div><\/div><\/p>\n","protected":false},"excerpt":{"rendered":"","protected":false},"author":1,"featured_media":0,"parent":0,"menu_order":0,"comment_status":"closed","ping_status":"closed","template":"","meta":{"footnotes":""},"class_list":["post-4284","page","type-page","status-publish","hentry"],"_links":{"self":[{"href":"https:\/\/www.cmsecurity.cl\/web\/wp-json\/wp\/v2\/pages\/4284","targetHints":{"allow":["GET"]}}],"collection":[{"href":"https:\/\/www.cmsecurity.cl\/web\/wp-json\/wp\/v2\/pages"}],"about":[{"href":"https:\/\/www.cmsecurity.cl\/web\/wp-json\/wp\/v2\/types\/page"}],"author":[{"embeddable":true,"href":"https:\/\/www.cmsecurity.cl\/web\/wp-json\/wp\/v2\/users\/1"}],"replies":[{"embeddable":true,"href":"https:\/\/www.cmsecurity.cl\/web\/wp-json\/wp\/v2\/comments?post=4284"}],"version-history":[{"count":9,"href":"https:\/\/www.cmsecurity.cl\/web\/wp-json\/wp\/v2\/pages\/4284\/revisions"}],"predecessor-version":[{"id":4569,"href":"https:\/\/www.cmsecurity.cl\/web\/wp-json\/wp\/v2\/pages\/4284\/revisions\/4569"}],"wp:attachment":[{"href":"https:\/\/www.cmsecurity.cl\/web\/wp-json\/wp\/v2\/media?parent=4284"}],"curies":[{"name":"wp","href":"https:\/\/api.w.org\/{rel}","templated":true}]}}