{"id":4251,"date":"2025-04-09T14:06:28","date_gmt":"2025-04-09T14:06:28","guid":{"rendered":"https:\/\/www.cmsecurity.cl\/web\/?page_id=4251"},"modified":"2025-05-29T15:40:18","modified_gmt":"2025-05-29T15:40:18","slug":"sistema-de-incendio","status":"publish","type":"page","link":"https:\/\/www.cmsecurity.cl\/web\/sistema-de-incendio\/","title":{"rendered":"Sistemas de Incendio"},"content":{"rendered":"<p><div class=\"fusion-fullwidth fullwidth-box fusion-builder-row-1 fusion-flex-container has-pattern-background has-mask-background nonhundred-percent-fullwidth non-hundred-percent-height-scrolling\" style=\"--awb-border-radius-top-left:0px;--awb-border-radius-top-right:0px;--awb-border-radius-bottom-right:0px;--awb-border-radius-bottom-left:0px;--awb-padding-top:20px;--awb-padding-bottom:30px;--awb-margin-top:0px;--awb-margin-bottom:0px;--awb-flex-wrap:wrap;\" ><div class=\"fusion-builder-row fusion-row fusion-flex-align-items-flex-start fusion-flex-content-wrap\" style=\"max-width:1289.6px;margin-left: calc(-4% \/ 2 );margin-right: calc(-4% \/ 2 );\"><div class=\"fusion-layout-column fusion_builder_column fusion-builder-column-0 fusion_builder_column_1_2 1_2 fusion-flex-column\" style=\"--awb-padding-top:0px;--awb-bg-size:cover;--awb-width-large:50%;--awb-margin-top-large:0px;--awb-spacing-right-large:3.84%;--awb-margin-bottom-large:0px;--awb-spacing-left-large:3.84%;--awb-width-medium:50%;--awb-order-medium:0;--awb-spacing-right-medium:3.84%;--awb-spacing-left-medium:3.84%;--awb-width-small:100%;--awb-order-small:0;--awb-spacing-right-small:1.92%;--awb-spacing-left-small:1.92%;\" data-scroll-devices=\"small-visibility,medium-visibility,large-visibility\"><div class=\"fusion-column-wrapper fusion-column-has-shadow fusion-flex-justify-content-flex-start fusion-content-layout-column\"><div class=\"fusion-text fusion-text-1\" style=\"--awb-content-alignment:left;--awb-font-size:1.8rem;--awb-line-height:1.42rem;--awb-text-transform:none;--awb-text-color:#000000;--awb-margin-top:20px;--awb-text-font-family:&quot;Montserrat&quot;;--awb-text-font-style:normal;--awb-text-font-weight:400;\"><div style=\"font-family: 'Montserrat', 'Helvetica Neue', Helvetica, Arial, sans-serif; color: #333; line-height: 1.5; max-width: 800px;\">\n<h2 style=\"font-size: 24px; margin-bottom: 12px; color: #222;\">Protecci\u00f3n Esencial para tu Hogar y\/o Negocio<\/h2>\n<p style=\"font-size: 18px; margin-bottom: 24px;\">Los sistemas de incendio son fundamentales para detectar, alertar y actuar ante cualquier amenaza de fuego. Con detectores de humo y alarmas autom\u00e1ticas, protegen tanto vidas como bienes, minimizando los da\u00f1os y asegurando una respuesta r\u00e1pida..<\/p>\n<h3 style=\"font-size: 20px; margin-bottom: 12px; color: #444;\">Ventajas Clave:<\/h3>\n<ul style=\"font-size: 18px; padding-left: 20px; margin-bottom: 24px;\">\n<li><b>Detecci\u00f3n temprana:<\/b> Identifican incendios en sus primeras etapas.<\/li>\n<li><b>Notificaciones autom\u00e1ticas:<\/b> Alertan a ocupantes y servicios de emergencia.<\/li>\n<li><b>Monitoreo continuo:<\/b> Integraci\u00f3n con sistemas de gesti\u00f3n para vigilancia en tiempo real.<\/li>\n<li><b>Personalizaci\u00f3n:<\/b> Se adaptan seg\u00fan las necesidades del espacio, desde peque\u00f1as hasta grandes infraestructuras.<\/li>\n<\/ul>\n<p style=\"font-size: 18px;\">Protege tu hogar y\/o negocio con un sistema de incendio profesional, adaptable a tus necesidades y cumpliendo con las normativas de seguridad m\u00e1s exigentes.<\/p>\n<\/div>\n<\/div><\/div><\/div><div class=\"fusion-layout-column fusion_builder_column fusion-builder-column-1 fusion_builder_column_1_2 1_2 fusion-flex-column\" style=\"--awb-padding-top:20px;--awb-bg-size:cover;--awb-width-large:50%;--awb-margin-top-large:0px;--awb-spacing-right-large:3.84%;--awb-margin-bottom-large:0px;--awb-spacing-left-large:3.84%;--awb-width-medium:50%;--awb-order-medium:0;--awb-spacing-right-medium:3.84%;--awb-spacing-left-medium:3.84%;--awb-width-small:100%;--awb-order-small:0;--awb-spacing-right-small:1.92%;--awb-spacing-left-small:1.92%;\" data-scroll-devices=\"small-visibility,medium-visibility,large-visibility\"><div class=\"fusion-column-wrapper fusion-column-has-shadow fusion-flex-justify-content-flex-start fusion-content-layout-column\"><div class=\"fusion-image-element \" style=\"text-align:center;--awb-aspect-ratio: 100 \/ 130;--awb-object-position:49% 66%;--awb-margin-top:10px;--awb-margin-right:20px;--awb-margin-bottom:20px;--awb-margin-left:20px;--awb-caption-title-font-family:var(--h2_typography-font-family);--awb-caption-title-font-weight:var(--h2_typography-font-weight);--awb-caption-title-font-style:var(--h2_typography-font-style);--awb-caption-title-size:var(--h2_typography-font-size);--awb-caption-title-transform:var(--h2_typography-text-transform);--awb-caption-title-line-height:var(--h2_typography-line-height);--awb-caption-title-letter-spacing:var(--h2_typography-letter-spacing);\"><span class=\" fusion-imageframe imageframe-dropshadow imageframe-1 hover-type-zoomin has-aspect-ratio\" style=\"border:6px solid #ffffff;border-radius:8px;-webkit-box-shadow: 1px 1px 5px rgba(147,147,147,0.3);box-shadow: 1px 1px 5px rgba(147,147,147,0.3);\"><img decoding=\"async\" width=\"1441\" height=\"2560\" title=\"Sistema Incendio (NUEVA)\" src=\"https:\/\/www.cmsecurity.cl\/web\/wp-content\/uploads\/2025\/05\/Sistema-Incendio-NUEVA-scaled.jpeg\" data-orig-src=\"https:\/\/www.cmsecurity.cl\/web\/wp-content\/uploads\/2025\/05\/Sistema-Incendio-NUEVA-scaled.jpeg\" class=\"lazyload img-responsive wp-image-4551 img-with-aspect-ratio\" data-parent-fit=\"cover\" data-parent-container=\".fusion-image-element\" alt srcset=\"data:image\/svg+xml,%3Csvg%20xmlns%3D%27http%3A%2F%2Fwww.w3.org%2F2000%2Fsvg%27%20width%3D%271441%27%20height%3D%272560%27%20viewBox%3D%270%200%201441%202560%27%3E%3Crect%20width%3D%271441%27%20height%3D%272560%27%20fill-opacity%3D%220%22%2F%3E%3C%2Fsvg%3E\" data-srcset=\"https:\/\/www.cmsecurity.cl\/web\/wp-content\/uploads\/2025\/05\/Sistema-Incendio-NUEVA-200x355.jpeg 200w, https:\/\/www.cmsecurity.cl\/web\/wp-content\/uploads\/2025\/05\/Sistema-Incendio-NUEVA-400x711.jpeg 400w, https:\/\/www.cmsecurity.cl\/web\/wp-content\/uploads\/2025\/05\/Sistema-Incendio-NUEVA-600x1066.jpeg 600w, https:\/\/www.cmsecurity.cl\/web\/wp-content\/uploads\/2025\/05\/Sistema-Incendio-NUEVA-800x1422.jpeg 800w, https:\/\/www.cmsecurity.cl\/web\/wp-content\/uploads\/2025\/05\/Sistema-Incendio-NUEVA-1200x2132.jpeg 1200w, https:\/\/www.cmsecurity.cl\/web\/wp-content\/uploads\/2025\/05\/Sistema-Incendio-NUEVA-scaled.jpeg 1441w\" data-sizes=\"auto\" data-orig-sizes=\"(max-width: 800px) 100vw, 600px\" \/><\/span><\/div><\/div><\/div><\/div><\/div><div class=\"fusion-fullwidth fullwidth-box fusion-builder-row-2 fusion-flex-container has-pattern-background has-mask-background nonhundred-percent-fullwidth non-hundred-percent-height-scrolling\" style=\"--awb-border-radius-top-left:0px;--awb-border-radius-top-right:0px;--awb-border-radius-bottom-right:0px;--awb-border-radius-bottom-left:0px;--awb-padding-bottom:60px;--awb-flex-wrap:wrap;\" ><div class=\"fusion-builder-row fusion-row fusion-flex-align-items-flex-start fusion-flex-content-wrap\" style=\"max-width:1289.6px;margin-left: calc(-4% \/ 2 );margin-right: calc(-4% \/ 2 );\"><div class=\"fusion-layout-column fusion_builder_column fusion-builder-column-2 fusion_builder_column_1_1 1_1 fusion-flex-column\" style=\"--awb-padding-top:0px;--awb-bg-size:cover;--awb-width-large:100%;--awb-margin-top-large:0px;--awb-spacing-right-large:1.92%;--awb-margin-bottom-large:0px;--awb-spacing-left-large:1.92%;--awb-width-medium:100%;--awb-order-medium:0;--awb-spacing-right-medium:1.92%;--awb-spacing-left-medium:1.92%;--awb-width-small:100%;--awb-order-small:0;--awb-spacing-right-small:1.92%;--awb-spacing-left-small:1.92%;\" data-scroll-devices=\"small-visibility,medium-visibility,large-visibility\"><div class=\"fusion-column-wrapper fusion-column-has-shadow fusion-flex-justify-content-flex-start fusion-content-layout-column\"><div class=\"awb-gallery-wrapper awb-gallery-wrapper-1 button-span-no\" style=\"--more-btn-alignment:center;margin-top:0px;\"><div style=\"margin:-8px;--awb-bordersize:0px;\" class=\"fusion-gallery fusion-gallery-container fusion-grid-6 fusion-columns-total-8 fusion-gallery-layout-grid fusion-gallery-1\"><div style=\"padding:8px;\" class=\"fusion-grid-column fusion-gallery-column fusion-gallery-column-6 hover-type-zoomout\"><div class=\"fusion-gallery-image\"><a href=\"https:\/\/www.cmsecurity.cl\/web\/wp-content\/uploads\/2025\/05\/Sistema-Incendio-NUEVA-2-scaled.jpeg\" rel=\"noreferrer\" data-rel=\"iLightbox[gallery_image_1]\" class=\"fusion-lightbox\" target=\"_self\"><img decoding=\"async\" src=\"https:\/\/www.cmsecurity.cl\/web\/wp-content\/uploads\/2025\/05\/Sistema-Incendio-NUEVA-2-scaled.jpeg\" data-orig-src=\"https:\/\/www.cmsecurity.cl\/web\/wp-content\/uploads\/2025\/05\/Sistema-Incendio-NUEVA-2-scaled.jpeg\" width=\"1441\" height=\"2560\" alt=\"\" title=\"Sistema Incendio (NUEVA) (2)\" aria-label=\"Sistema Incendio (NUEVA) (2)\" class=\"lazyload img-responsive wp-image-4552\" srcset=\"data:image\/svg+xml,%3Csvg%20xmlns%3D%27http%3A%2F%2Fwww.w3.org%2F2000%2Fsvg%27%20width%3D%271441%27%20height%3D%272560%27%20viewBox%3D%270%200%201441%202560%27%3E%3Crect%20width%3D%271441%27%20height%3D%272560%27%20fill-opacity%3D%220%22%2F%3E%3C%2Fsvg%3E\" data-srcset=\"https:\/\/www.cmsecurity.cl\/web\/wp-content\/uploads\/2025\/05\/Sistema-Incendio-NUEVA-2-200x355.jpeg 200w, https:\/\/www.cmsecurity.cl\/web\/wp-content\/uploads\/2025\/05\/Sistema-Incendio-NUEVA-2-400x711.jpeg 400w, https:\/\/www.cmsecurity.cl\/web\/wp-content\/uploads\/2025\/05\/Sistema-Incendio-NUEVA-2-600x1066.jpeg 600w, https:\/\/www.cmsecurity.cl\/web\/wp-content\/uploads\/2025\/05\/Sistema-Incendio-NUEVA-2-800x1422.jpeg 800w, https:\/\/www.cmsecurity.cl\/web\/wp-content\/uploads\/2025\/05\/Sistema-Incendio-NUEVA-2-1200x2132.jpeg 1200w, https:\/\/www.cmsecurity.cl\/web\/wp-content\/uploads\/2025\/05\/Sistema-Incendio-NUEVA-2-scaled.jpeg 1441w\" data-sizes=\"auto\" data-orig-sizes=\"(min-width: 2200px) 100vw, (min-width: 1000px) 200px, (min-width: 928px) 240px, (min-width: 856px) 300px, (min-width: 784px) 400px, (min-width: 712px) 600px, (min-width: 640px) 712px, \" \/><\/a><\/div><\/div><div style=\"padding:8px;\" class=\"fusion-grid-column fusion-gallery-column fusion-gallery-column-6 hover-type-zoomout\"><div class=\"fusion-gallery-image\"><a href=\"https:\/\/www.cmsecurity.cl\/web\/wp-content\/uploads\/2025\/05\/Sistema-Incendio-NUEVA-scaled.jpeg\" rel=\"noreferrer\" data-rel=\"iLightbox[gallery_image_1]\" class=\"fusion-lightbox\" target=\"_self\"><img decoding=\"async\" src=\"https:\/\/www.cmsecurity.cl\/web\/wp-content\/uploads\/2025\/05\/Sistema-Incendio-NUEVA-scaled.jpeg\" data-orig-src=\"https:\/\/www.cmsecurity.cl\/web\/wp-content\/uploads\/2025\/05\/Sistema-Incendio-NUEVA-scaled.jpeg\" width=\"1441\" height=\"2560\" alt=\"\" title=\"Sistema Incendio (NUEVA)\" aria-label=\"Sistema Incendio (NUEVA)\" class=\"lazyload img-responsive wp-image-4551\" srcset=\"data:image\/svg+xml,%3Csvg%20xmlns%3D%27http%3A%2F%2Fwww.w3.org%2F2000%2Fsvg%27%20width%3D%271441%27%20height%3D%272560%27%20viewBox%3D%270%200%201441%202560%27%3E%3Crect%20width%3D%271441%27%20height%3D%272560%27%20fill-opacity%3D%220%22%2F%3E%3C%2Fsvg%3E\" data-srcset=\"https:\/\/www.cmsecurity.cl\/web\/wp-content\/uploads\/2025\/05\/Sistema-Incendio-NUEVA-200x355.jpeg 200w, https:\/\/www.cmsecurity.cl\/web\/wp-content\/uploads\/2025\/05\/Sistema-Incendio-NUEVA-400x711.jpeg 400w, https:\/\/www.cmsecurity.cl\/web\/wp-content\/uploads\/2025\/05\/Sistema-Incendio-NUEVA-600x1066.jpeg 600w, https:\/\/www.cmsecurity.cl\/web\/wp-content\/uploads\/2025\/05\/Sistema-Incendio-NUEVA-800x1422.jpeg 800w, https:\/\/www.cmsecurity.cl\/web\/wp-content\/uploads\/2025\/05\/Sistema-Incendio-NUEVA-1200x2132.jpeg 1200w, https:\/\/www.cmsecurity.cl\/web\/wp-content\/uploads\/2025\/05\/Sistema-Incendio-NUEVA-scaled.jpeg 1441w\" data-sizes=\"auto\" data-orig-sizes=\"(min-width: 2200px) 100vw, (min-width: 1000px) 200px, (min-width: 928px) 240px, (min-width: 856px) 300px, (min-width: 784px) 400px, (min-width: 712px) 600px, (min-width: 640px) 712px, \" \/><\/a><\/div><\/div><div style=\"padding:8px;\" class=\"fusion-grid-column fusion-gallery-column fusion-gallery-column-6 hover-type-zoomout\"><div class=\"fusion-gallery-image\"><a href=\"https:\/\/www.cmsecurity.cl\/web\/wp-content\/uploads\/2025\/04\/Palanca-Sirena-y-Sensor-Sistema-de-Incendio-2-scaled.jpeg\" rel=\"noreferrer\" data-rel=\"iLightbox[gallery_image_1]\" class=\"fusion-lightbox\" target=\"_self\"><img decoding=\"async\" src=\"https:\/\/www.cmsecurity.cl\/web\/wp-content\/uploads\/2025\/04\/Palanca-Sirena-y-Sensor-Sistema-de-Incendio-2-scaled.jpeg\" data-orig-src=\"https:\/\/www.cmsecurity.cl\/web\/wp-content\/uploads\/2025\/04\/Palanca-Sirena-y-Sensor-Sistema-de-Incendio-2-scaled.jpeg\" width=\"1441\" height=\"2560\" alt=\"\" title=\"Palanca, Sirena y Sensor (Sistema de Incendio) (2)\" aria-label=\"Palanca, Sirena y Sensor (Sistema de Incendio) (2)\" class=\"lazyload img-responsive wp-image-4488\" srcset=\"data:image\/svg+xml,%3Csvg%20xmlns%3D%27http%3A%2F%2Fwww.w3.org%2F2000%2Fsvg%27%20width%3D%271441%27%20height%3D%272560%27%20viewBox%3D%270%200%201441%202560%27%3E%3Crect%20width%3D%271441%27%20height%3D%272560%27%20fill-opacity%3D%220%22%2F%3E%3C%2Fsvg%3E\" data-srcset=\"https:\/\/www.cmsecurity.cl\/web\/wp-content\/uploads\/2025\/04\/Palanca-Sirena-y-Sensor-Sistema-de-Incendio-2-200x355.jpeg 200w, https:\/\/www.cmsecurity.cl\/web\/wp-content\/uploads\/2025\/04\/Palanca-Sirena-y-Sensor-Sistema-de-Incendio-2-400x711.jpeg 400w, https:\/\/www.cmsecurity.cl\/web\/wp-content\/uploads\/2025\/04\/Palanca-Sirena-y-Sensor-Sistema-de-Incendio-2-600x1066.jpeg 600w, https:\/\/www.cmsecurity.cl\/web\/wp-content\/uploads\/2025\/04\/Palanca-Sirena-y-Sensor-Sistema-de-Incendio-2-800x1422.jpeg 800w, https:\/\/www.cmsecurity.cl\/web\/wp-content\/uploads\/2025\/04\/Palanca-Sirena-y-Sensor-Sistema-de-Incendio-2-1200x2132.jpeg 1200w, https:\/\/www.cmsecurity.cl\/web\/wp-content\/uploads\/2025\/04\/Palanca-Sirena-y-Sensor-Sistema-de-Incendio-2-scaled.jpeg 1441w\" data-sizes=\"auto\" data-orig-sizes=\"(min-width: 2200px) 100vw, (min-width: 1000px) 200px, (min-width: 928px) 240px, (min-width: 856px) 300px, (min-width: 784px) 400px, (min-width: 712px) 600px, (min-width: 640px) 712px, \" \/><\/a><\/div><\/div><div style=\"padding:8px;\" class=\"fusion-grid-column fusion-gallery-column fusion-gallery-column-6 hover-type-zoomout\"><div class=\"fusion-gallery-image\"><a href=\"https:\/\/www.cmsecurity.cl\/web\/wp-content\/uploads\/2025\/04\/Palanca-Sirena-y-Sensor-Sistema-de-Incendio-scaled.jpeg\" rel=\"noreferrer\" data-rel=\"iLightbox[gallery_image_1]\" class=\"fusion-lightbox\" target=\"_self\"><img decoding=\"async\" src=\"https:\/\/www.cmsecurity.cl\/web\/wp-content\/uploads\/2025\/04\/Palanca-Sirena-y-Sensor-Sistema-de-Incendio-scaled.jpeg\" data-orig-src=\"https:\/\/www.cmsecurity.cl\/web\/wp-content\/uploads\/2025\/04\/Palanca-Sirena-y-Sensor-Sistema-de-Incendio-scaled.jpeg\" width=\"2560\" height=\"1441\" alt=\"\" title=\"Palanca, Sirena y Sensor (Sistema de Incendio)\" aria-label=\"Palanca, Sirena y Sensor (Sistema de Incendio)\" class=\"lazyload img-responsive wp-image-4489\" srcset=\"data:image\/svg+xml,%3Csvg%20xmlns%3D%27http%3A%2F%2Fwww.w3.org%2F2000%2Fsvg%27%20width%3D%272560%27%20height%3D%271441%27%20viewBox%3D%270%200%202560%201441%27%3E%3Crect%20width%3D%272560%27%20height%3D%271441%27%20fill-opacity%3D%220%22%2F%3E%3C%2Fsvg%3E\" data-srcset=\"https:\/\/www.cmsecurity.cl\/web\/wp-content\/uploads\/2025\/04\/Palanca-Sirena-y-Sensor-Sistema-de-Incendio-200x113.jpeg 200w, https:\/\/www.cmsecurity.cl\/web\/wp-content\/uploads\/2025\/04\/Palanca-Sirena-y-Sensor-Sistema-de-Incendio-400x225.jpeg 400w, https:\/\/www.cmsecurity.cl\/web\/wp-content\/uploads\/2025\/04\/Palanca-Sirena-y-Sensor-Sistema-de-Incendio-600x338.jpeg 600w, https:\/\/www.cmsecurity.cl\/web\/wp-content\/uploads\/2025\/04\/Palanca-Sirena-y-Sensor-Sistema-de-Incendio-800x450.jpeg 800w, https:\/\/www.cmsecurity.cl\/web\/wp-content\/uploads\/2025\/04\/Palanca-Sirena-y-Sensor-Sistema-de-Incendio-1200x675.jpeg 1200w, https:\/\/www.cmsecurity.cl\/web\/wp-content\/uploads\/2025\/04\/Palanca-Sirena-y-Sensor-Sistema-de-Incendio-scaled.jpeg 2560w\" data-sizes=\"auto\" data-orig-sizes=\"(min-width: 2200px) 100vw, (min-width: 1000px) 200px, (min-width: 928px) 240px, (min-width: 856px) 300px, (min-width: 784px) 400px, (min-width: 712px) 600px, (min-width: 640px) 712px, \" \/><\/a><\/div><\/div><div style=\"padding:8px;\" class=\"fusion-grid-column fusion-gallery-column fusion-gallery-column-6 hover-type-zoomout\"><div class=\"fusion-gallery-image\"><a href=\"https:\/\/www.cmsecurity.cl\/web\/wp-content\/uploads\/2025\/04\/Sensores-Sistema-de-Incendio-scaled.jpeg\" rel=\"noreferrer\" data-rel=\"iLightbox[gallery_image_1]\" class=\"fusion-lightbox\" target=\"_self\"><img decoding=\"async\" src=\"https:\/\/www.cmsecurity.cl\/web\/wp-content\/uploads\/2025\/04\/Sensores-Sistema-de-Incendio-scaled.jpeg\" data-orig-src=\"https:\/\/www.cmsecurity.cl\/web\/wp-content\/uploads\/2025\/04\/Sensores-Sistema-de-Incendio-scaled.jpeg\" width=\"1439\" height=\"2560\" alt=\"\" title=\"Sensores (Sistema de Incendio)\" aria-label=\"Sensores (Sistema de Incendio)\" class=\"lazyload img-responsive wp-image-4490\" srcset=\"data:image\/svg+xml,%3Csvg%20xmlns%3D%27http%3A%2F%2Fwww.w3.org%2F2000%2Fsvg%27%20width%3D%271439%27%20height%3D%272560%27%20viewBox%3D%270%200%201439%202560%27%3E%3Crect%20width%3D%271439%27%20height%3D%272560%27%20fill-opacity%3D%220%22%2F%3E%3C%2Fsvg%3E\" data-srcset=\"https:\/\/www.cmsecurity.cl\/web\/wp-content\/uploads\/2025\/04\/Sensores-Sistema-de-Incendio-200x356.jpeg 200w, https:\/\/www.cmsecurity.cl\/web\/wp-content\/uploads\/2025\/04\/Sensores-Sistema-de-Incendio-400x711.jpeg 400w, https:\/\/www.cmsecurity.cl\/web\/wp-content\/uploads\/2025\/04\/Sensores-Sistema-de-Incendio-600x1067.jpeg 600w, https:\/\/www.cmsecurity.cl\/web\/wp-content\/uploads\/2025\/04\/Sensores-Sistema-de-Incendio-800x1423.jpeg 800w, https:\/\/www.cmsecurity.cl\/web\/wp-content\/uploads\/2025\/04\/Sensores-Sistema-de-Incendio-1200x2134.jpeg 1200w, https:\/\/www.cmsecurity.cl\/web\/wp-content\/uploads\/2025\/04\/Sensores-Sistema-de-Incendio-scaled.jpeg 1439w\" data-sizes=\"auto\" data-orig-sizes=\"(min-width: 2200px) 100vw, (min-width: 1000px) 200px, (min-width: 928px) 240px, (min-width: 856px) 300px, (min-width: 784px) 400px, (min-width: 712px) 600px, (min-width: 640px) 712px, \" \/><\/a><\/div><\/div><div style=\"padding:8px;\" class=\"fusion-grid-column fusion-gallery-column fusion-gallery-column-6 hover-type-zoomout\"><div class=\"fusion-gallery-image\"><a href=\"https:\/\/www.cmsecurity.cl\/web\/wp-content\/uploads\/2025\/04\/Sistema-de-Incendio-2-scaled.jpeg\" rel=\"noreferrer\" data-rel=\"iLightbox[gallery_image_1]\" class=\"fusion-lightbox\" target=\"_self\"><img decoding=\"async\" src=\"https:\/\/www.cmsecurity.cl\/web\/wp-content\/uploads\/2025\/04\/Sistema-de-Incendio-2-scaled.jpeg\" data-orig-src=\"https:\/\/www.cmsecurity.cl\/web\/wp-content\/uploads\/2025\/04\/Sistema-de-Incendio-2-scaled.jpeg\" width=\"1440\" height=\"2560\" alt=\"\" title=\"Sistema de Incendio (2)\" aria-label=\"Sistema de Incendio (2)\" class=\"lazyload img-responsive wp-image-4491\" srcset=\"data:image\/svg+xml,%3Csvg%20xmlns%3D%27http%3A%2F%2Fwww.w3.org%2F2000%2Fsvg%27%20width%3D%271440%27%20height%3D%272560%27%20viewBox%3D%270%200%201440%202560%27%3E%3Crect%20width%3D%271440%27%20height%3D%272560%27%20fill-opacity%3D%220%22%2F%3E%3C%2Fsvg%3E\" data-srcset=\"https:\/\/www.cmsecurity.cl\/web\/wp-content\/uploads\/2025\/04\/Sistema-de-Incendio-2-200x356.jpeg 200w, https:\/\/www.cmsecurity.cl\/web\/wp-content\/uploads\/2025\/04\/Sistema-de-Incendio-2-400x711.jpeg 400w, https:\/\/www.cmsecurity.cl\/web\/wp-content\/uploads\/2025\/04\/Sistema-de-Incendio-2-600x1067.jpeg 600w, https:\/\/www.cmsecurity.cl\/web\/wp-content\/uploads\/2025\/04\/Sistema-de-Incendio-2-800x1422.jpeg 800w, https:\/\/www.cmsecurity.cl\/web\/wp-content\/uploads\/2025\/04\/Sistema-de-Incendio-2-1200x2133.jpeg 1200w, https:\/\/www.cmsecurity.cl\/web\/wp-content\/uploads\/2025\/04\/Sistema-de-Incendio-2-scaled.jpeg 1440w\" data-sizes=\"auto\" data-orig-sizes=\"(min-width: 2200px) 100vw, (min-width: 1000px) 200px, (min-width: 928px) 240px, (min-width: 856px) 300px, (min-width: 784px) 400px, (min-width: 712px) 600px, (min-width: 640px) 712px, \" \/><\/a><\/div><\/div><div class=\"clearfix\"><\/div><div style=\"padding:8px;\" class=\"fusion-grid-column fusion-gallery-column fusion-gallery-column-6 hover-type-zoomout\"><div class=\"fusion-gallery-image\"><a href=\"https:\/\/www.cmsecurity.cl\/web\/wp-content\/uploads\/2025\/04\/Sistema-de-Incendio.jpeg\" rel=\"noreferrer\" data-rel=\"iLightbox[gallery_image_1]\" class=\"fusion-lightbox\" target=\"_self\"><img decoding=\"async\" src=\"https:\/\/www.cmsecurity.cl\/web\/wp-content\/uploads\/2025\/04\/Sistema-de-Incendio.jpeg\" data-orig-src=\"https:\/\/www.cmsecurity.cl\/web\/wp-content\/uploads\/2025\/04\/Sistema-de-Incendio.jpeg\" width=\"605\" height=\"1280\" alt=\"\" title=\"Sistema de Incendio\" aria-label=\"Sistema de Incendio\" class=\"lazyload img-responsive wp-image-4492\" srcset=\"data:image\/svg+xml,%3Csvg%20xmlns%3D%27http%3A%2F%2Fwww.w3.org%2F2000%2Fsvg%27%20width%3D%27605%27%20height%3D%271280%27%20viewBox%3D%270%200%20605%201280%27%3E%3Crect%20width%3D%27605%27%20height%3D%271280%27%20fill-opacity%3D%220%22%2F%3E%3C%2Fsvg%3E\" data-srcset=\"https:\/\/www.cmsecurity.cl\/web\/wp-content\/uploads\/2025\/04\/Sistema-de-Incendio-200x423.jpeg 200w, https:\/\/www.cmsecurity.cl\/web\/wp-content\/uploads\/2025\/04\/Sistema-de-Incendio-400x846.jpeg 400w, https:\/\/www.cmsecurity.cl\/web\/wp-content\/uploads\/2025\/04\/Sistema-de-Incendio-600x1269.jpeg 600w, https:\/\/www.cmsecurity.cl\/web\/wp-content\/uploads\/2025\/04\/Sistema-de-Incendio.jpeg 605w\" data-sizes=\"auto\" data-orig-sizes=\"(min-width: 2200px) 100vw, (min-width: 1000px) 200px, (min-width: 928px) 240px, (min-width: 856px) 300px, (min-width: 784px) 400px, (min-width: 712px) 600px, (min-width: 640px) 712px, \" \/><\/a><\/div><\/div><div style=\"padding:8px;\" class=\"fusion-grid-column fusion-gallery-column fusion-gallery-column-6 hover-type-zoomout\"><div class=\"fusion-gallery-image\"><a href=\"https:\/\/www.cmsecurity.cl\/web\/wp-content\/uploads\/2025\/04\/WhatsApp-Image-2024-11-11-at-14.53.20-4.jpeg\" rel=\"noreferrer\" data-rel=\"iLightbox[gallery_image_1]\" class=\"fusion-lightbox\" target=\"_self\"><img decoding=\"async\" src=\"https:\/\/www.cmsecurity.cl\/web\/wp-content\/uploads\/2025\/04\/WhatsApp-Image-2024-11-11-at-14.53.20-4.jpeg\" data-orig-src=\"https:\/\/www.cmsecurity.cl\/web\/wp-content\/uploads\/2025\/04\/WhatsApp-Image-2024-11-11-at-14.53.20-4.jpeg\" width=\"960\" height=\"1280\" alt=\"\" title=\"WhatsApp Image 2024-11-11 at 14.53.20 (4)\" aria-label=\"WhatsApp Image 2024-11-11 at 14.53.20 (4)\" class=\"lazyload img-responsive wp-image-4131\" srcset=\"data:image\/svg+xml,%3Csvg%20xmlns%3D%27http%3A%2F%2Fwww.w3.org%2F2000%2Fsvg%27%20width%3D%27960%27%20height%3D%271280%27%20viewBox%3D%270%200%20960%201280%27%3E%3Crect%20width%3D%27960%27%20height%3D%271280%27%20fill-opacity%3D%220%22%2F%3E%3C%2Fsvg%3E\" data-srcset=\"https:\/\/www.cmsecurity.cl\/web\/wp-content\/uploads\/2025\/04\/WhatsApp-Image-2024-11-11-at-14.53.20-4-200x267.jpeg 200w, https:\/\/www.cmsecurity.cl\/web\/wp-content\/uploads\/2025\/04\/WhatsApp-Image-2024-11-11-at-14.53.20-4-400x533.jpeg 400w, https:\/\/www.cmsecurity.cl\/web\/wp-content\/uploads\/2025\/04\/WhatsApp-Image-2024-11-11-at-14.53.20-4-600x800.jpeg 600w, https:\/\/www.cmsecurity.cl\/web\/wp-content\/uploads\/2025\/04\/WhatsApp-Image-2024-11-11-at-14.53.20-4-800x1067.jpeg 800w, https:\/\/www.cmsecurity.cl\/web\/wp-content\/uploads\/2025\/04\/WhatsApp-Image-2024-11-11-at-14.53.20-4.jpeg 960w\" data-sizes=\"auto\" data-orig-sizes=\"(min-width: 2200px) 100vw, (min-width: 1000px) 200px, (min-width: 928px) 240px, (min-width: 856px) 300px, (min-width: 784px) 400px, (min-width: 712px) 600px, (min-width: 640px) 712px, \" \/><\/a><\/div><\/div><\/div><\/div><\/div><\/div><\/div><\/div><\/p>\n","protected":false},"excerpt":{"rendered":"","protected":false},"author":1,"featured_media":0,"parent":0,"menu_order":0,"comment_status":"closed","ping_status":"closed","template":"","meta":{"footnotes":""},"class_list":["post-4251","page","type-page","status-publish","hentry"],"_links":{"self":[{"href":"https:\/\/www.cmsecurity.cl\/web\/wp-json\/wp\/v2\/pages\/4251","targetHints":{"allow":["GET"]}}],"collection":[{"href":"https:\/\/www.cmsecurity.cl\/web\/wp-json\/wp\/v2\/pages"}],"about":[{"href":"https:\/\/www.cmsecurity.cl\/web\/wp-json\/wp\/v2\/types\/page"}],"author":[{"embeddable":true,"href":"https:\/\/www.cmsecurity.cl\/web\/wp-json\/wp\/v2\/users\/1"}],"replies":[{"embeddable":true,"href":"https:\/\/www.cmsecurity.cl\/web\/wp-json\/wp\/v2\/comments?post=4251"}],"version-history":[{"count":18,"href":"https:\/\/www.cmsecurity.cl\/web\/wp-json\/wp\/v2\/pages\/4251\/revisions"}],"predecessor-version":[{"id":4629,"href":"https:\/\/www.cmsecurity.cl\/web\/wp-json\/wp\/v2\/pages\/4251\/revisions\/4629"}],"wp:attachment":[{"href":"https:\/\/www.cmsecurity.cl\/web\/wp-json\/wp\/v2\/media?parent=4251"}],"curies":[{"name":"wp","href":"https:\/\/api.w.org\/{rel}","templated":true}]}}