{"id":4224,"date":"2025-04-09T02:27:20","date_gmt":"2025-04-09T02:27:20","guid":{"rendered":"https:\/\/www.cmsecurity.cl\/web\/?page_id=4224"},"modified":"2025-04-21T14:44:50","modified_gmt":"2025-04-21T14:44:50","slug":"sistema-de-audio","status":"publish","type":"page","link":"https:\/\/www.cmsecurity.cl\/web\/sistema-de-audio\/","title":{"rendered":"Sistema de Audio Voceo\/Ambiental"},"content":{"rendered":"<p><div class=\"fusion-fullwidth fullwidth-box fusion-builder-row-1 fusion-flex-container has-pattern-background has-mask-background nonhundred-percent-fullwidth non-hundred-percent-height-scrolling\" style=\"--awb-border-radius-top-left:0px;--awb-border-radius-top-right:0px;--awb-border-radius-bottom-right:0px;--awb-border-radius-bottom-left:0px;--awb-padding-top:20px;--awb-padding-bottom:20px;--awb-margin-top:0px;--awb-margin-bottom:0px;--awb-flex-wrap:wrap;\" ><div class=\"fusion-builder-row fusion-row fusion-flex-align-items-flex-start fusion-flex-content-wrap\" style=\"max-width:1289.6px;margin-left: calc(-4% \/ 2 );margin-right: calc(-4% \/ 2 );\"><div class=\"fusion-layout-column fusion_builder_column fusion-builder-column-0 fusion_builder_column_1_2 1_2 fusion-flex-column fusion-flex-align-self-flex-start\" style=\"--awb-padding-top:0px;--awb-bg-size:cover;--awb-width-large:50%;--awb-margin-top-large:0px;--awb-spacing-right-large:3.84%;--awb-margin-bottom-large:0px;--awb-spacing-left-large:3.84%;--awb-width-medium:50%;--awb-order-medium:0;--awb-spacing-right-medium:3.84%;--awb-spacing-left-medium:3.84%;--awb-width-small:100%;--awb-order-small:0;--awb-spacing-right-small:1.92%;--awb-spacing-left-small:1.92%;\" data-scroll-devices=\"small-visibility,medium-visibility,large-visibility\"><div class=\"fusion-column-wrapper fusion-column-has-shadow fusion-flex-justify-content-flex-start fusion-content-layout-column\"><div class=\"fusion-text fusion-text-1\" style=\"--awb-font-size:30px;--awb-line-height:1.67rem;--awb-margin-top:25px;--awb-text-font-family:&quot;Montserrat&quot;;--awb-text-font-style:normal;--awb-text-font-weight:500;\"><p>En una situaci\u00f3n de emergencia, como un incendio o un terremoto, la prioridad es salvar vidas y, para ello, una r\u00e1pida evacuaci\u00f3n es esencial. Los sistemas de audio evacuaci\u00f3n apoyan estas acciones entregando alertas adecuadas para diferentes ambientes y grupos de personas.<\/p>\n<p>Un sistema de audio evacuaci\u00f3n se define como un dispositivo que mediante una alarma sonora, ya sea mediante sirenas o por mensajes pregrabados (alarmas por voz), alerta a los operadores de un determinado recinto para generar el traslado del personal a una zona de seguridad. La activaci\u00f3n de esa alarma siempre debe ser autom\u00e1tica desde un centro de control, y generalmente se emplea como un aviso contra incendios, aunque tambi\u00e9n puede indicar otras situaciones de riesgo, como terremotos y otros desastres naturales.<\/p>\n<p>Santiago Alvarado, Ingeniero Especialista de National Fire Protection Association (NFPA) para Latinoam\u00e9rica, quien estuvo en Chile para exponer en un taller organizado por Enginzone, explica que \u201cpara que estos sistemas sean efectivos, es necesario definir los puntos de riesgo del edificio o establecimiento donde se instalar\u00e1n. Adem\u00e1s, se requiere conocer los niveles de ruido de las actividades que se desarrollan en el lugar, y si transita gente externa o con discapacidades. De este modo, se podr\u00e1 definir el equipo que entregue las prestaciones necesarias\u201d.<\/p>\n<\/div><\/div><\/div><div class=\"fusion-layout-column fusion_builder_column fusion-builder-column-1 fusion_builder_column_1_2 1_2 fusion-flex-column\" style=\"--awb-bg-size:cover;--awb-width-large:50%;--awb-spacing-right-large:3.84%;--awb-margin-bottom-large:0px;--awb-spacing-left-large:3.84%;--awb-width-medium:50%;--awb-order-medium:0;--awb-spacing-right-medium:3.84%;--awb-spacing-left-medium:3.84%;--awb-width-small:100%;--awb-order-small:0;--awb-spacing-right-small:1.92%;--awb-spacing-left-small:1.92%;\"><div class=\"fusion-column-wrapper fusion-column-has-shadow fusion-flex-justify-content-flex-start fusion-content-layout-column\"><div class=\"fusion-image-element \" style=\"text-align:center;--awb-aspect-ratio:1 \/ 1;--awb-margin-top:30px;--awb-margin-right:20px;--awb-margin-bottom:20px;--awb-margin-left:20px;--awb-caption-title-font-family:var(--h2_typography-font-family);--awb-caption-title-font-weight:var(--h2_typography-font-weight);--awb-caption-title-font-style:var(--h2_typography-font-style);--awb-caption-title-size:var(--h2_typography-font-size);--awb-caption-title-transform:var(--h2_typography-text-transform);--awb-caption-title-line-height:var(--h2_typography-line-height);--awb-caption-title-letter-spacing:var(--h2_typography-letter-spacing);\"><span class=\" fusion-imageframe imageframe-dropshadow imageframe-1 hover-type-zoomin has-aspect-ratio\" style=\"border:6px solid #ffffff;border-radius:8px;-webkit-box-shadow: 1px 1px 5px rgba(147,147,147,0.3);box-shadow: 1px 1px 5px rgba(147,147,147,0.3);\"><img decoding=\"async\" width=\"1600\" height=\"721\" title=\"WhatsApp Image 2024-11-06 at 16.43.43\" src=\"https:\/\/www.cmsecurity.cl\/web\/wp-content\/uploads\/2025\/04\/WhatsApp-Image-2024-11-06-at-16.43.43.jpeg\" data-orig-src=\"https:\/\/www.cmsecurity.cl\/web\/wp-content\/uploads\/2025\/04\/WhatsApp-Image-2024-11-06-at-16.43.43.jpeg\" class=\"lazyload img-responsive wp-image-4230 img-with-aspect-ratio\" data-parent-fit=\"cover\" data-parent-container=\".fusion-image-element\" alt srcset=\"data:image\/svg+xml,%3Csvg%20xmlns%3D%27http%3A%2F%2Fwww.w3.org%2F2000%2Fsvg%27%20width%3D%271600%27%20height%3D%27721%27%20viewBox%3D%270%200%201600%20721%27%3E%3Crect%20width%3D%271600%27%20height%3D%27721%27%20fill-opacity%3D%220%22%2F%3E%3C%2Fsvg%3E\" data-srcset=\"https:\/\/www.cmsecurity.cl\/web\/wp-content\/uploads\/2025\/04\/WhatsApp-Image-2024-11-06-at-16.43.43-200x90.jpeg 200w, https:\/\/www.cmsecurity.cl\/web\/wp-content\/uploads\/2025\/04\/WhatsApp-Image-2024-11-06-at-16.43.43-400x180.jpeg 400w, https:\/\/www.cmsecurity.cl\/web\/wp-content\/uploads\/2025\/04\/WhatsApp-Image-2024-11-06-at-16.43.43-600x270.jpeg 600w, https:\/\/www.cmsecurity.cl\/web\/wp-content\/uploads\/2025\/04\/WhatsApp-Image-2024-11-06-at-16.43.43-800x361.jpeg 800w, https:\/\/www.cmsecurity.cl\/web\/wp-content\/uploads\/2025\/04\/WhatsApp-Image-2024-11-06-at-16.43.43-1200x541.jpeg 1200w, https:\/\/www.cmsecurity.cl\/web\/wp-content\/uploads\/2025\/04\/WhatsApp-Image-2024-11-06-at-16.43.43.jpeg 1600w\" data-sizes=\"auto\" data-orig-sizes=\"(max-width: 800px) 100vw, 600px\" \/><\/span><\/div><\/div><\/div><\/div><\/div><div class=\"fusion-fullwidth fullwidth-box fusion-builder-row-2 fusion-flex-container has-pattern-background has-mask-background nonhundred-percent-fullwidth non-hundred-percent-height-scrolling\" style=\"--awb-border-radius-top-left:0px;--awb-border-radius-top-right:0px;--awb-border-radius-bottom-right:0px;--awb-border-radius-bottom-left:0px;--awb-padding-top:0px;--awb-margin-top:-20px;--awb-margin-bottom:35px;--awb-flex-wrap:wrap;\" ><div class=\"fusion-builder-row fusion-row fusion-flex-align-items-flex-start fusion-flex-content-wrap\" style=\"max-width:1289.6px;margin-left: calc(-4% \/ 2 );margin-right: calc(-4% \/ 2 );\"><div class=\"fusion-layout-column fusion_builder_column fusion-builder-column-2 fusion_builder_column_1_1 1_1 fusion-flex-column\" style=\"--awb-padding-top:0px;--awb-bg-size:cover;--awb-width-large:100%;--awb-margin-top-large:0px;--awb-spacing-right-large:1.92%;--awb-margin-bottom-large:0px;--awb-spacing-left-large:1.92%;--awb-width-medium:100%;--awb-order-medium:0;--awb-spacing-right-medium:1.92%;--awb-spacing-left-medium:1.92%;--awb-width-small:100%;--awb-order-small:0;--awb-spacing-right-small:1.92%;--awb-spacing-left-small:1.92%;\" data-scroll-devices=\"small-visibility,medium-visibility,large-visibility\"><div class=\"fusion-column-wrapper fusion-column-has-shadow fusion-flex-justify-content-flex-start fusion-content-layout-column\"><div class=\"fusion-text fusion-text-2\" style=\"--awb-font-size:30px;--awb-line-height:1.53rem;--awb-margin-top:25px;--awb-text-font-family:&quot;Montserrat&quot;;--awb-text-font-style:normal;--awb-text-font-weight:500;\"><p>El especialista destaca la importancia de las alarmas por voz y su utilidad para definir evacuaciones sectorizadas: \u201cPor ejemplo, cuando se produce un siniestro en un edificio de varios pisos, se puede dar la alarma de manera parcelada para evitar aglomeraciones en las v\u00edas de evacuaci\u00f3n que pudieran generar accidentes\u201d, agregando que \u201cestas alarmas son muy \u00fatiles en aquellos casos donde hay una significativa cantidad de personas ajenas a la organizaci\u00f3n que transitan por el establecimiento (como centros de distribuci\u00f3n o tiendas de retail, entre otros), pues mediante la voz, se puede informar de las acciones a seguir durante la emergencia.<\/p>\n<p>En cambio, las alarmas por sirenas, que deben estar asociadas a equipos de luminosidad, se emplean en aquellos lugares donde la poblaci\u00f3n laboral est\u00e1 informada de las medidas de evacuaci\u00f3n, ya que se estima un reconocimiento del sonido de las sirenas y su significado de emergencia. \u201cEn casos donde pueda haber personas con baja audici\u00f3n, como hoteles u otros lugares, las se\u00f1ales lum\u00ednicas son de gran importancia, las que pueden ir acompa\u00f1adas de mensajes en pantallas dispuestas estrat\u00e9gicamente en diversos puntos del recinto, para reforzar la informaci\u00f3n\u201d, detalla el experto.<\/p>\n<\/div><\/div><\/div><\/div><\/div><div class=\"fusion-fullwidth fullwidth-box fusion-builder-row-3 fusion-flex-container has-pattern-background has-mask-background nonhundred-percent-fullwidth non-hundred-percent-height-scrolling\" style=\"--awb-border-radius-top-left:0px;--awb-border-radius-top-right:0px;--awb-border-radius-bottom-right:0px;--awb-border-radius-bottom-left:0px;--awb-padding-bottom:60px;--awb-flex-wrap:wrap;\" ><div class=\"fusion-builder-row fusion-row fusion-flex-align-items-flex-start fusion-flex-content-wrap\" style=\"max-width:1289.6px;margin-left: calc(-4% \/ 2 );margin-right: calc(-4% \/ 2 );\"><div class=\"fusion-layout-column fusion_builder_column fusion-builder-column-3 fusion_builder_column_1_1 1_1 fusion-flex-column\" style=\"--awb-bg-size:cover;--awb-width-large:100%;--awb-spacing-right-large:1.92%;--awb-margin-bottom-large:0px;--awb-spacing-left-large:1.92%;--awb-width-medium:100%;--awb-order-medium:0;--awb-spacing-right-medium:1.92%;--awb-spacing-left-medium:1.92%;--awb-width-small:100%;--awb-order-small:0;--awb-spacing-right-small:1.92%;--awb-spacing-left-small:1.92%;\"><div class=\"fusion-column-wrapper fusion-column-has-shadow fusion-flex-justify-content-flex-start fusion-content-layout-column\"><div class=\"fusion-video fusion-selfhosted-video\" style=\"align-self:center;margin-top:0px;margin-bottom:30px;max-width:300px;\"><div class=\"video-wrapper\"><video playsinline=\"true\" width=\"100%\" style=\"object-fit: cover;\" autoplay=\"true\" loop=\"true\" preload=\"auto\" controls=\"1\"><source src=\"https:\/\/www.cmsecurity.cl\/web\/wp-content\/uploads\/2025\/04\/Sistema-de-Audio.mp4\" type=\"video\/mp4\">Sorry, your browser doesn&#039;t support embedded videos.<\/video><\/div><\/div><div class=\"awb-gallery-wrapper awb-gallery-wrapper-1 button-span-no\" style=\"--more-btn-alignment:center;\"><div style=\"margin:-5px;--awb-bordersize:0px;\" class=\"fusion-gallery fusion-gallery-container fusion-grid-3 fusion-columns-total-4 fusion-gallery-layout-grid fusion-gallery-1\"><div style=\"padding:5px;\" class=\"fusion-grid-column fusion-gallery-column fusion-gallery-column-3 hover-type-none\"><div class=\"fusion-gallery-image\"><a href=\"https:\/\/www.cmsecurity.cl\/web\/wp-content\/uploads\/2025\/04\/Parlante-Sistema-de-Voceo-scaled.jpeg\" rel=\"noreferrer\" data-rel=\"iLightbox[gallery_image_1]\" class=\"fusion-lightbox\" target=\"_self\"><img decoding=\"async\" src=\"https:\/\/www.cmsecurity.cl\/web\/wp-content\/uploads\/2025\/04\/Parlante-Sistema-de-Voceo-scaled.jpeg\" data-orig-src=\"https:\/\/www.cmsecurity.cl\/web\/wp-content\/uploads\/2025\/04\/Parlante-Sistema-de-Voceo-scaled.jpeg\" width=\"2560\" height=\"1734\" alt=\"\" title=\"Parlante (Sistema de Voceo\" aria-label=\"Parlante (Sistema de Voceo\" class=\"lazyload img-responsive wp-image-4229\" srcset=\"data:image\/svg+xml,%3Csvg%20xmlns%3D%27http%3A%2F%2Fwww.w3.org%2F2000%2Fsvg%27%20width%3D%272560%27%20height%3D%271734%27%20viewBox%3D%270%200%202560%201734%27%3E%3Crect%20width%3D%272560%27%20height%3D%271734%27%20fill-opacity%3D%220%22%2F%3E%3C%2Fsvg%3E\" data-srcset=\"https:\/\/www.cmsecurity.cl\/web\/wp-content\/uploads\/2025\/04\/Parlante-Sistema-de-Voceo-200x135.jpeg 200w, https:\/\/www.cmsecurity.cl\/web\/wp-content\/uploads\/2025\/04\/Parlante-Sistema-de-Voceo-400x271.jpeg 400w, https:\/\/www.cmsecurity.cl\/web\/wp-content\/uploads\/2025\/04\/Parlante-Sistema-de-Voceo-600x406.jpeg 600w, https:\/\/www.cmsecurity.cl\/web\/wp-content\/uploads\/2025\/04\/Parlante-Sistema-de-Voceo-800x542.jpeg 800w, https:\/\/www.cmsecurity.cl\/web\/wp-content\/uploads\/2025\/04\/Parlante-Sistema-de-Voceo-1200x813.jpeg 1200w, https:\/\/www.cmsecurity.cl\/web\/wp-content\/uploads\/2025\/04\/Parlante-Sistema-de-Voceo-scaled.jpeg 2560w\" data-sizes=\"auto\" data-orig-sizes=\"(min-width: 2200px) 100vw, (min-width: 784px) 410px, (min-width: 712px) 615px, (min-width: 640px) 712px, \" \/><\/a><\/div><\/div><div style=\"padding:5px;\" class=\"fusion-grid-column fusion-gallery-column fusion-gallery-column-3 hover-type-none\"><div class=\"fusion-gallery-image\"><a href=\"https:\/\/www.cmsecurity.cl\/web\/wp-content\/uploads\/2025\/04\/WhatsApp-Image-2024-11-06-at-16.43.43.jpeg\" rel=\"noreferrer\" data-rel=\"iLightbox[gallery_image_1]\" class=\"fusion-lightbox\" target=\"_self\"><img decoding=\"async\" src=\"https:\/\/www.cmsecurity.cl\/web\/wp-content\/uploads\/2025\/04\/WhatsApp-Image-2024-11-06-at-16.43.43.jpeg\" data-orig-src=\"https:\/\/www.cmsecurity.cl\/web\/wp-content\/uploads\/2025\/04\/WhatsApp-Image-2024-11-06-at-16.43.43.jpeg\" width=\"1600\" height=\"721\" alt=\"\" title=\"WhatsApp Image 2024-11-06 at 16.43.43\" aria-label=\"WhatsApp Image 2024-11-06 at 16.43.43\" class=\"lazyload img-responsive wp-image-4230\" srcset=\"data:image\/svg+xml,%3Csvg%20xmlns%3D%27http%3A%2F%2Fwww.w3.org%2F2000%2Fsvg%27%20width%3D%271600%27%20height%3D%27721%27%20viewBox%3D%270%200%201600%20721%27%3E%3Crect%20width%3D%271600%27%20height%3D%27721%27%20fill-opacity%3D%220%22%2F%3E%3C%2Fsvg%3E\" data-srcset=\"https:\/\/www.cmsecurity.cl\/web\/wp-content\/uploads\/2025\/04\/WhatsApp-Image-2024-11-06-at-16.43.43-200x90.jpeg 200w, https:\/\/www.cmsecurity.cl\/web\/wp-content\/uploads\/2025\/04\/WhatsApp-Image-2024-11-06-at-16.43.43-400x180.jpeg 400w, https:\/\/www.cmsecurity.cl\/web\/wp-content\/uploads\/2025\/04\/WhatsApp-Image-2024-11-06-at-16.43.43-600x270.jpeg 600w, https:\/\/www.cmsecurity.cl\/web\/wp-content\/uploads\/2025\/04\/WhatsApp-Image-2024-11-06-at-16.43.43-800x361.jpeg 800w, https:\/\/www.cmsecurity.cl\/web\/wp-content\/uploads\/2025\/04\/WhatsApp-Image-2024-11-06-at-16.43.43-1200x541.jpeg 1200w, https:\/\/www.cmsecurity.cl\/web\/wp-content\/uploads\/2025\/04\/WhatsApp-Image-2024-11-06-at-16.43.43.jpeg 1600w\" data-sizes=\"auto\" data-orig-sizes=\"(min-width: 2200px) 100vw, (min-width: 784px) 410px, (min-width: 712px) 615px, (min-width: 640px) 712px, \" \/><\/a><\/div><\/div><div style=\"padding:5px;\" class=\"fusion-grid-column fusion-gallery-column fusion-gallery-column-3 hover-type-none\"><div class=\"fusion-gallery-image\"><a href=\"https:\/\/www.cmsecurity.cl\/web\/wp-content\/uploads\/2025\/04\/Parlante-Sistema-Audio-2-scaled.jpeg\" rel=\"noreferrer\" data-rel=\"iLightbox[gallery_image_1]\" class=\"fusion-lightbox\" target=\"_self\"><img decoding=\"async\" src=\"https:\/\/www.cmsecurity.cl\/web\/wp-content\/uploads\/2025\/04\/Parlante-Sistema-Audio-2-scaled.jpeg\" data-orig-src=\"https:\/\/www.cmsecurity.cl\/web\/wp-content\/uploads\/2025\/04\/Parlante-Sistema-Audio-2-scaled.jpeg\" width=\"2560\" height=\"1441\" alt=\"\" title=\"Parlante (Sistema Audio) (2)\" aria-label=\"Parlante (Sistema Audio) (2)\" class=\"lazyload img-responsive wp-image-4485\" srcset=\"data:image\/svg+xml,%3Csvg%20xmlns%3D%27http%3A%2F%2Fwww.w3.org%2F2000%2Fsvg%27%20width%3D%272560%27%20height%3D%271441%27%20viewBox%3D%270%200%202560%201441%27%3E%3Crect%20width%3D%272560%27%20height%3D%271441%27%20fill-opacity%3D%220%22%2F%3E%3C%2Fsvg%3E\" data-srcset=\"https:\/\/www.cmsecurity.cl\/web\/wp-content\/uploads\/2025\/04\/Parlante-Sistema-Audio-2-200x113.jpeg 200w, https:\/\/www.cmsecurity.cl\/web\/wp-content\/uploads\/2025\/04\/Parlante-Sistema-Audio-2-400x225.jpeg 400w, https:\/\/www.cmsecurity.cl\/web\/wp-content\/uploads\/2025\/04\/Parlante-Sistema-Audio-2-600x338.jpeg 600w, https:\/\/www.cmsecurity.cl\/web\/wp-content\/uploads\/2025\/04\/Parlante-Sistema-Audio-2-800x450.jpeg 800w, https:\/\/www.cmsecurity.cl\/web\/wp-content\/uploads\/2025\/04\/Parlante-Sistema-Audio-2-1200x676.jpeg 1200w, https:\/\/www.cmsecurity.cl\/web\/wp-content\/uploads\/2025\/04\/Parlante-Sistema-Audio-2-scaled.jpeg 2560w\" data-sizes=\"auto\" data-orig-sizes=\"(min-width: 2200px) 100vw, (min-width: 784px) 410px, (min-width: 712px) 615px, (min-width: 640px) 712px, \" \/><\/a><\/div><\/div><div class=\"clearfix\"><\/div><div style=\"padding:5px;\" class=\"fusion-grid-column fusion-gallery-column fusion-gallery-column-3 hover-type-none\"><div class=\"fusion-gallery-image\"><a href=\"https:\/\/www.cmsecurity.cl\/web\/wp-content\/uploads\/2025\/04\/Parlante-Sistema-Audio-scaled.jpeg\" rel=\"noreferrer\" data-rel=\"iLightbox[gallery_image_1]\" class=\"fusion-lightbox\" target=\"_self\"><img decoding=\"async\" src=\"https:\/\/www.cmsecurity.cl\/web\/wp-content\/uploads\/2025\/04\/Parlante-Sistema-Audio-scaled.jpeg\" data-orig-src=\"https:\/\/www.cmsecurity.cl\/web\/wp-content\/uploads\/2025\/04\/Parlante-Sistema-Audio-scaled.jpeg\" width=\"2560\" height=\"1441\" alt=\"\" title=\"Parlante (Sistema Audio)\" aria-label=\"Parlante (Sistema Audio)\" class=\"lazyload img-responsive wp-image-4486\" srcset=\"data:image\/svg+xml,%3Csvg%20xmlns%3D%27http%3A%2F%2Fwww.w3.org%2F2000%2Fsvg%27%20width%3D%272560%27%20height%3D%271441%27%20viewBox%3D%270%200%202560%201441%27%3E%3Crect%20width%3D%272560%27%20height%3D%271441%27%20fill-opacity%3D%220%22%2F%3E%3C%2Fsvg%3E\" data-srcset=\"https:\/\/www.cmsecurity.cl\/web\/wp-content\/uploads\/2025\/04\/Parlante-Sistema-Audio-200x113.jpeg 200w, https:\/\/www.cmsecurity.cl\/web\/wp-content\/uploads\/2025\/04\/Parlante-Sistema-Audio-400x225.jpeg 400w, https:\/\/www.cmsecurity.cl\/web\/wp-content\/uploads\/2025\/04\/Parlante-Sistema-Audio-600x338.jpeg 600w, https:\/\/www.cmsecurity.cl\/web\/wp-content\/uploads\/2025\/04\/Parlante-Sistema-Audio-800x450.jpeg 800w, https:\/\/www.cmsecurity.cl\/web\/wp-content\/uploads\/2025\/04\/Parlante-Sistema-Audio-1200x676.jpeg 1200w, https:\/\/www.cmsecurity.cl\/web\/wp-content\/uploads\/2025\/04\/Parlante-Sistema-Audio-scaled.jpeg 2560w\" data-sizes=\"auto\" data-orig-sizes=\"(min-width: 2200px) 100vw, (min-width: 784px) 410px, (min-width: 712px) 615px, (min-width: 640px) 712px, \" \/><\/a><\/div><\/div><\/div><\/div><\/div><\/div><\/div><\/div><\/p>\n","protected":false},"excerpt":{"rendered":"","protected":false},"author":1,"featured_media":0,"parent":0,"menu_order":0,"comment_status":"closed","ping_status":"closed","template":"","meta":{"footnotes":""},"class_list":["post-4224","page","type-page","status-publish","hentry"],"_links":{"self":[{"href":"https:\/\/www.cmsecurity.cl\/web\/wp-json\/wp\/v2\/pages\/4224","targetHints":{"allow":["GET"]}}],"collection":[{"href":"https:\/\/www.cmsecurity.cl\/web\/wp-json\/wp\/v2\/pages"}],"about":[{"href":"https:\/\/www.cmsecurity.cl\/web\/wp-json\/wp\/v2\/types\/page"}],"author":[{"embeddable":true,"href":"https:\/\/www.cmsecurity.cl\/web\/wp-json\/wp\/v2\/users\/1"}],"replies":[{"embeddable":true,"href":"https:\/\/www.cmsecurity.cl\/web\/wp-json\/wp\/v2\/comments?post=4224"}],"version-history":[{"count":10,"href":"https:\/\/www.cmsecurity.cl\/web\/wp-json\/wp\/v2\/pages\/4224\/revisions"}],"predecessor-version":[{"id":4515,"href":"https:\/\/www.cmsecurity.cl\/web\/wp-json\/wp\/v2\/pages\/4224\/revisions\/4515"}],"wp:attachment":[{"href":"https:\/\/www.cmsecurity.cl\/web\/wp-json\/wp\/v2\/media?parent=4224"}],"curies":[{"name":"wp","href":"https:\/\/api.w.org\/{rel}","templated":true}]}}