{"id":4179,"date":"2025-04-08T20:06:47","date_gmt":"2025-04-08T20:06:47","guid":{"rendered":"https:\/\/www.cmsecurity.cl\/web\/?page_id=4179"},"modified":"2025-04-21T15:23:37","modified_gmt":"2025-04-21T15:23:37","slug":"automatizacion-de-acceso","status":"publish","type":"page","link":"https:\/\/www.cmsecurity.cl\/web\/automatizacion-de-acceso\/","title":{"rendered":"Automatizacion de Acceso"},"content":{"rendered":"<p><div class=\"fusion-fullwidth fullwidth-box fusion-builder-row-1 fusion-flex-container has-pattern-background has-mask-background nonhundred-percent-fullwidth non-hundred-percent-height-scrolling\" style=\"--awb-border-radius-top-left:0px;--awb-border-radius-top-right:0px;--awb-border-radius-bottom-right:0px;--awb-border-radius-bottom-left:0px;--awb-padding-top:20px;--awb-padding-bottom:20px;--awb-margin-top:0px;--awb-margin-bottom:0px;--awb-flex-wrap:wrap;\" ><div class=\"fusion-builder-row fusion-row fusion-flex-align-items-flex-start fusion-flex-content-wrap\" style=\"max-width:1289.6px;margin-left: calc(-4% \/ 2 );margin-right: calc(-4% \/ 2 );\"><div class=\"fusion-layout-column fusion_builder_column fusion-builder-column-0 fusion_builder_column_1_2 1_2 fusion-flex-column fusion-flex-align-self-flex-start\" style=\"--awb-padding-top:0px;--awb-bg-size:cover;--awb-width-large:50%;--awb-margin-top-large:0px;--awb-spacing-right-large:3.84%;--awb-margin-bottom-large:0px;--awb-spacing-left-large:3.84%;--awb-width-medium:50%;--awb-order-medium:0;--awb-spacing-right-medium:3.84%;--awb-spacing-left-medium:3.84%;--awb-width-small:100%;--awb-order-small:0;--awb-spacing-right-small:1.92%;--awb-spacing-left-small:1.92%;\" data-scroll-devices=\"small-visibility,medium-visibility,large-visibility\"><div class=\"fusion-column-wrapper fusion-column-has-shadow fusion-flex-justify-content-flex-start fusion-content-layout-column\"><div class=\"fusion-text fusion-text-1\" style=\"--awb-font-size:30px;--awb-line-height:1.53rem;--awb-margin-top:25px;--awb-text-font-family:&quot;Montserrat&quot;;--awb-text-font-style:normal;--awb-text-font-weight:500;\"><p>El control del acceso vehicular permite la gesti\u00f3n en el ingreso y salida de veh\u00edculos a un \u00e1rea restringida, como parkings, garajes, empresas o caminos. Cada sistema de automatizaci\u00f3n puede combinarse con el uso de controles de acceso que identifiquen a sus usuarios.<\/p>\n<p>Limitar y controlar el acceso de veh\u00edculos a recintos restringidos es cada vez m\u00e1s necesario tanto para empresas como para particulares.<\/p>\n<p>Los equipos de automatizaci\u00f3n son muy apropiados para caminos y recintos en los que no se deben realizar muchas maniobras al d\u00eda. As\u00ed, \u00e9stas son muy apropiadas para recintos privados de poco tr\u00e1nsito como parkings particulares, pistas forestales o caminos.<\/p>\n<p>En cambio, las barreras autom\u00e1ticas est\u00e1n pensadas para que ofrezcan un servicio r\u00e1pido y c\u00f3modo a sus usuarios. Existen tipos de barrera autom\u00e1tica para uso intensivo de hasta 10.000 movimientos\/d\u00eda y de alta velocidad para grandes flujos de veh\u00edculos como autopistas.<\/p>\n<p>Las barreras autom\u00e1ticas se acompa\u00f1an de un sistema de activaci\u00f3n, y para ello CM SECURITY les presenta diferentes opciones como la activaci\u00f3n mediante bot\u00f3n, la identificaci\u00f3n mediante tarjeta de proximidad, los mandos a distancia, la identificaci\u00f3n de veh\u00edculo o la lectura de patentes.<\/p>\n<\/div><\/div><\/div><div class=\"fusion-layout-column fusion_builder_column fusion-builder-column-1 fusion_builder_column_1_2 1_2 fusion-flex-column\" style=\"--awb-bg-size:cover;--awb-width-large:50%;--awb-spacing-right-large:3.84%;--awb-margin-bottom-large:0px;--awb-spacing-left-large:3.84%;--awb-width-medium:50%;--awb-order-medium:0;--awb-spacing-right-medium:3.84%;--awb-spacing-left-medium:3.84%;--awb-width-small:100%;--awb-order-small:0;--awb-spacing-right-small:1.92%;--awb-spacing-left-small:1.92%;\"><div class=\"fusion-column-wrapper fusion-column-has-shadow fusion-flex-justify-content-flex-start fusion-content-layout-column\"><div class=\"fusion-image-element \" style=\"text-align:center;--awb-aspect-ratio:1 \/ 1;--awb-margin-top:30px;--awb-margin-right:20px;--awb-margin-bottom:20px;--awb-margin-left:20px;--awb-caption-title-font-family:var(--h2_typography-font-family);--awb-caption-title-font-weight:var(--h2_typography-font-weight);--awb-caption-title-font-style:var(--h2_typography-font-style);--awb-caption-title-size:var(--h2_typography-font-size);--awb-caption-title-transform:var(--h2_typography-text-transform);--awb-caption-title-line-height:var(--h2_typography-line-height);--awb-caption-title-letter-spacing:var(--h2_typography-letter-spacing);\"><span class=\" fusion-imageframe imageframe-dropshadow imageframe-1 hover-type-zoomin has-aspect-ratio\" style=\"border:6px solid #ffffff;border-radius:8px;-webkit-box-shadow: 1px 1px 5px rgba(147,147,147,0.3);box-shadow: 1px 1px 5px rgba(147,147,147,0.3);\"><img decoding=\"async\" width=\"2560\" height=\"1441\" title=\"Porton\" src=\"https:\/\/www.cmsecurity.cl\/web\/wp-content\/uploads\/2025\/04\/Porton-scaled.jpeg\" data-orig-src=\"https:\/\/www.cmsecurity.cl\/web\/wp-content\/uploads\/2025\/04\/Porton-scaled.jpeg\" class=\"lazyload img-responsive wp-image-4177 img-with-aspect-ratio\" data-parent-fit=\"cover\" data-parent-container=\".fusion-image-element\" alt srcset=\"data:image\/svg+xml,%3Csvg%20xmlns%3D%27http%3A%2F%2Fwww.w3.org%2F2000%2Fsvg%27%20width%3D%272560%27%20height%3D%271441%27%20viewBox%3D%270%200%202560%201441%27%3E%3Crect%20width%3D%272560%27%20height%3D%271441%27%20fill-opacity%3D%220%22%2F%3E%3C%2Fsvg%3E\" data-srcset=\"https:\/\/www.cmsecurity.cl\/web\/wp-content\/uploads\/2025\/04\/Porton-200x113.jpeg 200w, https:\/\/www.cmsecurity.cl\/web\/wp-content\/uploads\/2025\/04\/Porton-400x225.jpeg 400w, https:\/\/www.cmsecurity.cl\/web\/wp-content\/uploads\/2025\/04\/Porton-600x338.jpeg 600w, https:\/\/www.cmsecurity.cl\/web\/wp-content\/uploads\/2025\/04\/Porton-800x450.jpeg 800w, https:\/\/www.cmsecurity.cl\/web\/wp-content\/uploads\/2025\/04\/Porton-1200x675.jpeg 1200w, https:\/\/www.cmsecurity.cl\/web\/wp-content\/uploads\/2025\/04\/Porton-scaled.jpeg 2560w\" data-sizes=\"auto\" data-orig-sizes=\"(max-width: 800px) 100vw, 600px\" \/><\/span><\/div><\/div><\/div><\/div><\/div><div class=\"fusion-fullwidth fullwidth-box fusion-builder-row-2 fusion-flex-container has-pattern-background has-mask-background nonhundred-percent-fullwidth non-hundred-percent-height-scrolling\" style=\"--awb-border-radius-top-left:0px;--awb-border-radius-top-right:0px;--awb-border-radius-bottom-right:0px;--awb-border-radius-bottom-left:0px;--awb-margin-bottom:25px;--awb-flex-wrap:wrap;\" ><div class=\"fusion-builder-row fusion-row fusion-flex-align-items-flex-start fusion-flex-content-wrap\" style=\"max-width:1289.6px;margin-left: calc(-4% \/ 2 );margin-right: calc(-4% \/ 2 );\"><div class=\"fusion-layout-column fusion_builder_column fusion-builder-column-2 fusion_builder_column_1_1 1_1 fusion-flex-column\" style=\"--awb-padding-top:0px;--awb-bg-size:cover;--awb-width-large:100%;--awb-margin-top-large:0px;--awb-spacing-right-large:1.92%;--awb-margin-bottom-large:0px;--awb-spacing-left-large:1.92%;--awb-width-medium:100%;--awb-order-medium:0;--awb-spacing-right-medium:1.92%;--awb-spacing-left-medium:1.92%;--awb-width-small:100%;--awb-order-small:0;--awb-spacing-right-small:1.92%;--awb-spacing-left-small:1.92%;\" data-scroll-devices=\"small-visibility,medium-visibility,large-visibility\"><div class=\"fusion-column-wrapper fusion-column-has-shadow fusion-flex-justify-content-flex-start fusion-content-layout-column\"><div class=\"fusion-text fusion-text-2 fusion-text-no-margin\" style=\"--awb-font-size:2.0rem;--awb-line-height:1.53rem;--awb-margin-bottom:25px;--awb-text-font-family:&quot;Montserrat&quot;;--awb-text-font-style:normal;--awb-text-font-weight:600;\"><p><span style=\"font-size: 18pt;\"><strong><span style=\"color: #000000;\">EQUIPOS DE APERTURA SEG\u00daN ACCESO:<\/span> <\/strong><\/span>MOTORES CORREDERAS R\u00c1PIDOS ANTIPORTONAZOS &#8211;\u00a0 MOTORES PORTONES BATIENTES &#8211; BARRERAS CON PLUMA<\/p>\n<\/div><\/div><\/div><\/div><\/div><div class=\"fusion-fullwidth fullwidth-box fusion-builder-row-3 fusion-flex-container has-pattern-background has-mask-background nonhundred-percent-fullwidth non-hundred-percent-height-scrolling\" style=\"--awb-border-radius-top-left:0px;--awb-border-radius-top-right:0px;--awb-border-radius-bottom-right:0px;--awb-border-radius-bottom-left:0px;--awb-padding-bottom:60px;--awb-flex-wrap:wrap;\" ><div class=\"fusion-builder-row fusion-row fusion-flex-align-items-flex-start fusion-flex-content-wrap\" style=\"max-width:1289.6px;margin-left: calc(-4% \/ 2 );margin-right: calc(-4% \/ 2 );\"><div class=\"fusion-layout-column fusion_builder_column fusion-builder-column-3 fusion_builder_column_1_1 1_1 fusion-flex-column\" style=\"--awb-bg-size:cover;--awb-width-large:100%;--awb-spacing-right-large:1.92%;--awb-margin-bottom-large:0px;--awb-spacing-left-large:1.92%;--awb-width-medium:100%;--awb-order-medium:0;--awb-spacing-right-medium:1.92%;--awb-spacing-left-medium:1.92%;--awb-width-small:100%;--awb-order-small:0;--awb-spacing-right-small:1.92%;--awb-spacing-left-small:1.92%;\"><div class=\"fusion-column-wrapper fusion-column-has-shadow fusion-flex-justify-content-flex-start fusion-content-layout-column\"><div class=\"fusion-video fusion-selfhosted-video\" style=\"align-self:center;margin-top:0px;margin-bottom:30px;max-width:300px;\"><div class=\"video-wrapper\"><video playsinline=\"true\" width=\"100%\" style=\"object-fit: cover;\" autoplay=\"true\" muted=\"true\" loop=\"true\" preload=\"auto\" controls=\"1\"><source src=\"https:\/\/www.cmsecurity.cl\/web\/wp-content\/uploads\/2025\/04\/Automatizacion-de-Accesos.mp4\" type=\"video\/mp4\">Sorry, your browser doesn&#039;t support embedded videos.<\/video><\/div><\/div><div class=\"awb-gallery-wrapper awb-gallery-wrapper-1 button-span-no\" style=\"--more-btn-alignment:center;\"><div style=\"margin:-5px;--awb-bordersize:0px;\" class=\"fusion-gallery fusion-gallery-container fusion-grid-3 fusion-columns-total-0 fusion-gallery-layout-grid fusion-gallery-1\"><\/div><\/div><\/div><\/div><\/div><\/div><\/p>\n","protected":false},"excerpt":{"rendered":"","protected":false},"author":1,"featured_media":0,"parent":0,"menu_order":0,"comment_status":"closed","ping_status":"closed","template":"","meta":{"footnotes":""},"class_list":["post-4179","page","type-page","status-publish","hentry"],"_links":{"self":[{"href":"https:\/\/www.cmsecurity.cl\/web\/wp-json\/wp\/v2\/pages\/4179","targetHints":{"allow":["GET"]}}],"collection":[{"href":"https:\/\/www.cmsecurity.cl\/web\/wp-json\/wp\/v2\/pages"}],"about":[{"href":"https:\/\/www.cmsecurity.cl\/web\/wp-json\/wp\/v2\/types\/page"}],"author":[{"embeddable":true,"href":"https:\/\/www.cmsecurity.cl\/web\/wp-json\/wp\/v2\/users\/1"}],"replies":[{"embeddable":true,"href":"https:\/\/www.cmsecurity.cl\/web\/wp-json\/wp\/v2\/comments?post=4179"}],"version-history":[{"count":24,"href":"https:\/\/www.cmsecurity.cl\/web\/wp-json\/wp\/v2\/pages\/4179\/revisions"}],"predecessor-version":[{"id":4520,"href":"https:\/\/www.cmsecurity.cl\/web\/wp-json\/wp\/v2\/pages\/4179\/revisions\/4520"}],"wp:attachment":[{"href":"https:\/\/www.cmsecurity.cl\/web\/wp-json\/wp\/v2\/media?parent=4179"}],"curies":[{"name":"wp","href":"https:\/\/api.w.org\/{rel}","templated":true}]}}